{"id":3266,"date":"2023-10-18T12:37:16","date_gmt":"2023-10-18T10:37:16","guid":{"rendered":"https:\/\/www.erwinsmuehlenbrauerei.de\/produkt\/le-ble-meunier-derwin\/"},"modified":"2023-10-18T12:37:16","modified_gmt":"2023-10-18T10:37:16","slug":"le-ble-meunier-derwin","status":"publish","type":"product","link":"https:\/\/www.erwinsmuehlenbrauerei.de\/fr\/produkt\/le-ble-meunier-derwin\/","title":{"rendered":"Le bl\u00e9 meunier d&#8217;Erwin"},"content":{"rendered":"<h3><strong>Le &#8220;bl\u00e9&#8221; de l&#8217;Eifel : le bl\u00e9 du moulin d&#8217;Erwin garantit un plaisir particulier de la bi\u00e8re  <\/strong><\/h3>\n<p><strong> <\/strong>Ici dans le <a href=\"https:\/\/www.erwinsmuehlenbrauerei.de\/fr\/boutique\/\"><br \/>\n  <u>boutique en ligne<\/u><br \/>\n<\/a> de la brasserie Erwin&#8217;s M\u00fchlenbrauerei, vous ne pourrez pas appr\u00e9cier en direct le go\u00fbt gouleyant, doux et p\u00e9tillant de la bi\u00e8re de bl\u00e9 parmi les bi\u00e8res de moulin. Mais vous pouvez pr\u00e9parer cette exp\u00e9rience gustative pour vous \u00e0 la maison et commander d\u00e8s maintenant la bi\u00e8re sp\u00e9ciale M\u00fchlen-Weizenbier !<\/p>\n<p>Et deux jours plus tard, vous pourrez les d\u00e9guster tranquillement chez vous. Et se laisser convaincre par notre &#8220;garantie de plaisir&#8221; !<\/p>\n<h3><strong>Qu&#8217;est-ce que le bl\u00e9 du moulin a de plus que la bi\u00e8re blonde du moulin d&#8217;Erwin ?<\/strong><\/h3>\n<p>La r\u00e9ponse se trouve d\u00e9j\u00e0 dans son nom : la Weizenbier a le bl\u00e9 comme autre ingr\u00e9dient de brassage ! La diff\u00e9rence avec la bi\u00e8re blonde r\u00e9side principalement dans le fait que seule la moiti\u00e9 de l&#8217;orge est utilis\u00e9e dans le processus de maltage, l&#8217;autre moiti\u00e9 \u00e9tant constitu\u00e9e de bl\u00e9.<\/p>\n<h3><strong>Quel est le point commun entre le bl\u00e9 du moulin et la bi\u00e8re blonde du moulin ?<\/strong><\/h3>\n<p>La r\u00e9ponse est aussi tr\u00e8s simple : le go\u00fbt d\u00e9licieusement gouleyant et inimitable qui caract\u00e9rise les deux sortes de bi\u00e8res de moulin !<\/p>\n<p>La bi\u00e8re M\u00fchlenweizen, douce et \u00e9pic\u00e9e, a une teneur en alcool de 5,1 % en volume et est produite dans notre brasserie. <a href=\"https:\/\/www.erwinsmuehlenbrauerei.de\/fr\/la-brasserie\/\"><br \/>\n  <u>Sch\u00f6pfbrauerei<\/u><br \/>\n<\/a> selon la m\u00e9thode de brassage traditionnelle et avec les meilleurs ingr\u00e9dients purement naturels de la r\u00e9gion, conform\u00e9ment \u00e0 la loi allemande sur la puret\u00e9.<\/p>\n<h3><strong>Notre tuyau pour les amateurs de bi\u00e8re !<\/strong><\/h3>\n<p>Et encore un conseil pour tous ceux qui veulent assister &#8220;en direct&#8221; et &#8220;en action&#8221; au brassage de la bi\u00e8re et qui veulent brasser la noble bi\u00e8re du moulin en tant qu'&#8221;assistant brasseur&#8221; avec notre brasseur en chef Erwin. Ici, vous pouvez suivre le <a href=\"https:\/\/www.erwinsmuehlenbrauerei.de\/fr\/monde-de-lexperience\/cours-de-brassage-de-la-biere\/\"><br \/>\n  <u>cours de brassage de bi\u00e8re<\/u><br \/>\n<\/a> avec Erwin !<\/p>\n","protected":false},"excerpt":{"rendered":"<p><strong>Teneur en alcool : 5,1% vol<\/strong><\/p>\n","protected":false},"featured_media":2674,"template":"","meta":{"_acf_changed":false,"neve_meta_sidebar":"","neve_meta_container":"","neve_meta_enable_content_width":"off","neve_meta_content_width":100,"neve_meta_title_alignment":"","neve_meta_author_avatar":"","neve_post_elements_order":"","neve_meta_disable_header":"","neve_meta_disable_footer":"","neve_meta_disable_title":"","neve_meta_reading_time":""},"product_brand":[],"product_cat":[139],"product_tag":[],"class_list":{"0":"post-3266","1":"product","2":"type-product","3":"status-publish","4":"has-post-thumbnail","6":"product_cat-biere-de-leifel-erwins-muehlenbier","7":"product_shipping_class-expedition-assuree","9":"first","10":"outofstock","11":"featured","12":"taxable","13":"shipping-taxable","14":"purchasable","15":"product-type-simple"},"acf":[],"yoast_head":"<!-- This site is optimized with the Yoast SEO plugin v27.5 - https:\/\/yoast.com\/product\/yoast-seo-wordpress\/ -->\n<title>Le bl\u00e9 meunier d&#039;Erwin - Erwins M\u00fchlenbrauerei mit Brauhaus Restaurant<\/title>\n<meta name=\"description\" content=\"Le M\u00fchlenweizen d&#039;Erwin a \u00e9t\u00e9 fabriqu\u00e9 et mis en bouteille selon l&#039;art brassicole traditionnel. La bi\u00e8re de bl\u00e9 s\u00e9duit par sa note \u00e2pre et fra\u00eeche.\" \/>\n<meta name=\"robots\" content=\"index, follow, max-snippet:-1, max-image-preview:large, max-video-preview:-1\" \/>\n<link rel=\"canonical\" href=\"https:\/\/www.erwinsmuehlenbrauerei.de\/fr\/produkt\/le-ble-meunier-derwin\/\" \/>\n<meta property=\"og:locale\" content=\"fr_FR\" \/>\n<meta property=\"og:type\" content=\"article\" \/>\n<meta property=\"og:title\" content=\"Le bl\u00e9 meunier d&#039;Erwin - Erwins M\u00fchlenbrauerei mit Brauhaus Restaurant\" \/>\n<meta property=\"og:description\" content=\"Le M\u00fchlenweizen d&#039;Erwin a \u00e9t\u00e9 fabriqu\u00e9 et mis en bouteille selon l&#039;art brassicole traditionnel. La bi\u00e8re de bl\u00e9 s\u00e9duit par sa note \u00e2pre et fra\u00eeche.\" \/>\n<meta property=\"og:url\" content=\"https:\/\/www.erwinsmuehlenbrauerei.de\/fr\/produkt\/le-ble-meunier-derwin\/\" \/>\n<meta property=\"og:site_name\" content=\"Erwins M\u00fchlenbrauerei mit Brauhaus Restaurant\" \/>\n<meta property=\"og:image\" content=\"https:\/\/www.erwinsmuehlenbrauerei.de\/wp-content\/uploads\/ErwinsMuehlenbier-helles-6er.jpg\" \/>\n\t<meta property=\"og:image:width\" content=\"1407\" \/>\n\t<meta property=\"og:image:height\" content=\"2110\" \/>\n\t<meta property=\"og:image:type\" content=\"image\/jpeg\" \/>\n<meta name=\"twitter:card\" content=\"summary_large_image\" \/>\n<meta name=\"twitter:label1\" content=\"Dur\u00e9e de lecture estim\u00e9e\" \/>\n\t<meta name=\"twitter:data1\" content=\"2 minutes\" \/>\n<script type=\"application\/ld+json\" class=\"yoast-schema-graph\">{\"@context\":\"https:\\\/\\\/schema.org\",\"@graph\":[{\"@type\":\"WebPage\",\"@id\":\"https:\\\/\\\/www.erwinsmuehlenbrauerei.de\\\/fr\\\/produkt\\\/le-ble-meunier-derwin\\\/\",\"url\":\"https:\\\/\\\/www.erwinsmuehlenbrauerei.de\\\/fr\\\/produkt\\\/le-ble-meunier-derwin\\\/\",\"name\":\"Le bl\u00e9 meunier d'Erwin - Erwins M\u00fchlenbrauerei mit Brauhaus Restaurant\",\"isPartOf\":{\"@id\":\"https:\\\/\\\/www.erwinsmuehlenbrauerei.de\\\/fr\\\/#website\"},\"primaryImageOfPage\":{\"@id\":\"https:\\\/\\\/www.erwinsmuehlenbrauerei.de\\\/fr\\\/produkt\\\/le-ble-meunier-derwin\\\/#primaryimage\"},\"image\":{\"@id\":\"https:\\\/\\\/www.erwinsmuehlenbrauerei.de\\\/fr\\\/produkt\\\/le-ble-meunier-derwin\\\/#primaryimage\"},\"thumbnailUrl\":\"https:\\\/\\\/www.erwinsmuehlenbrauerei.de\\\/wp-content\\\/uploads\\\/ErwinsMuehlenbier-helles-6er.jpg\",\"datePublished\":\"2023-10-18T10:37:16+00:00\",\"description\":\"Le M\u00fchlenweizen d'Erwin a \u00e9t\u00e9 fabriqu\u00e9 et mis en bouteille selon l'art brassicole traditionnel. La bi\u00e8re de bl\u00e9 s\u00e9duit par sa note \u00e2pre et fra\u00eeche.\",\"breadcrumb\":{\"@id\":\"https:\\\/\\\/www.erwinsmuehlenbrauerei.de\\\/fr\\\/produkt\\\/le-ble-meunier-derwin\\\/#breadcrumb\"},\"inLanguage\":\"fr-FR\",\"potentialAction\":[{\"@type\":\"ReadAction\",\"target\":[\"https:\\\/\\\/www.erwinsmuehlenbrauerei.de\\\/fr\\\/produkt\\\/le-ble-meunier-derwin\\\/\"]}]},{\"@type\":\"ImageObject\",\"inLanguage\":\"fr-FR\",\"@id\":\"https:\\\/\\\/www.erwinsmuehlenbrauerei.de\\\/fr\\\/produkt\\\/le-ble-meunier-derwin\\\/#primaryimage\",\"url\":\"https:\\\/\\\/www.erwinsmuehlenbrauerei.de\\\/wp-content\\\/uploads\\\/ErwinsMuehlenbier-helles-6er.jpg\",\"contentUrl\":\"https:\\\/\\\/www.erwinsmuehlenbrauerei.de\\\/wp-content\\\/uploads\\\/ErwinsMuehlenbier-helles-6er.jpg\",\"width\":1407,\"height\":2110},{\"@type\":\"BreadcrumbList\",\"@id\":\"https:\\\/\\\/www.erwinsmuehlenbrauerei.de\\\/fr\\\/produkt\\\/le-ble-meunier-derwin\\\/#breadcrumb\",\"itemListElement\":[{\"@type\":\"ListItem\",\"position\":1,\"name\":\"Startseite\",\"item\":\"https:\\\/\\\/www.erwinsmuehlenbrauerei.de\\\/fr\\\/\"},{\"@type\":\"ListItem\",\"position\":2,\"name\":\"Boutique\",\"item\":\"https:\\\/\\\/www.erwinsmuehlenbrauerei.de\\\/fr\\\/boutique\\\/\"},{\"@type\":\"ListItem\",\"position\":3,\"name\":\"Le bl\u00e9 meunier d&#8217;Erwin\"}]},{\"@type\":\"WebSite\",\"@id\":\"https:\\\/\\\/www.erwinsmuehlenbrauerei.de\\\/fr\\\/#website\",\"url\":\"https:\\\/\\\/www.erwinsmuehlenbrauerei.de\\\/fr\\\/\",\"name\":\"Erwins M\u00fchlenbrauerei mit Brauhaus Restaurant\",\"description\":\"\",\"publisher\":{\"@id\":\"https:\\\/\\\/www.erwinsmuehlenbrauerei.de\\\/fr\\\/#organization\"},\"potentialAction\":[{\"@type\":\"SearchAction\",\"target\":{\"@type\":\"EntryPoint\",\"urlTemplate\":\"https:\\\/\\\/www.erwinsmuehlenbrauerei.de\\\/fr\\\/?s={search_term_string}\"},\"query-input\":{\"@type\":\"PropertyValueSpecification\",\"valueRequired\":true,\"valueName\":\"search_term_string\"}}],\"inLanguage\":\"fr-FR\"},{\"@type\":\"Organization\",\"@id\":\"https:\\\/\\\/www.erwinsmuehlenbrauerei.de\\\/fr\\\/#organization\",\"name\":\"Erwins M\u00fchlenbrauerei mit Brauhaus Restaurant\",\"url\":\"https:\\\/\\\/www.erwinsmuehlenbrauerei.de\\\/fr\\\/\",\"logo\":{\"@type\":\"ImageObject\",\"inLanguage\":\"fr-FR\",\"@id\":\"https:\\\/\\\/www.erwinsmuehlenbrauerei.de\\\/fr\\\/#\\\/schema\\\/logo\\\/image\\\/\",\"url\":\"https:\\\/\\\/www.erwinsmuehlenbrauerei.de\\\/wp-content\\\/uploads\\\/2023\\\/05\\\/erwinsmuehlenbrauerei-logo-upscaled.png\",\"contentUrl\":\"https:\\\/\\\/www.erwinsmuehlenbrauerei.de\\\/wp-content\\\/uploads\\\/2023\\\/05\\\/erwinsmuehlenbrauerei-logo-upscaled.png\",\"width\":677,\"height\":554,\"caption\":\"Erwins M\u00fchlenbrauerei mit Brauhaus Restaurant\"},\"image\":{\"@id\":\"https:\\\/\\\/www.erwinsmuehlenbrauerei.de\\\/fr\\\/#\\\/schema\\\/logo\\\/image\\\/\"}}]}<\/script>\n<!-- \/ Yoast SEO plugin. -->","yoast_head_json":{"title":"Le bl\u00e9 meunier d'Erwin - Erwins M\u00fchlenbrauerei mit Brauhaus Restaurant","description":"Le M\u00fchlenweizen d'Erwin a \u00e9t\u00e9 fabriqu\u00e9 et mis en bouteille selon l'art brassicole traditionnel. La bi\u00e8re de bl\u00e9 s\u00e9duit par sa note \u00e2pre et fra\u00eeche.","robots":{"index":"index","follow":"follow","max-snippet":"max-snippet:-1","max-image-preview":"max-image-preview:large","max-video-preview":"max-video-preview:-1"},"canonical":"https:\/\/www.erwinsmuehlenbrauerei.de\/fr\/produkt\/le-ble-meunier-derwin\/","og_locale":"fr_FR","og_type":"article","og_title":"Le bl\u00e9 meunier d'Erwin - Erwins M\u00fchlenbrauerei mit Brauhaus Restaurant","og_description":"Le M\u00fchlenweizen d'Erwin a \u00e9t\u00e9 fabriqu\u00e9 et mis en bouteille selon l'art brassicole traditionnel. La bi\u00e8re de bl\u00e9 s\u00e9duit par sa note \u00e2pre et fra\u00eeche.","og_url":"https:\/\/www.erwinsmuehlenbrauerei.de\/fr\/produkt\/le-ble-meunier-derwin\/","og_site_name":"Erwins M\u00fchlenbrauerei mit Brauhaus Restaurant","og_image":[{"width":1407,"height":2110,"url":"https:\/\/www.erwinsmuehlenbrauerei.de\/wp-content\/uploads\/ErwinsMuehlenbier-helles-6er.jpg","type":"image\/jpeg"}],"twitter_card":"summary_large_image","twitter_misc":{"Dur\u00e9e de lecture estim\u00e9e":"2 minutes"},"schema":{"@context":"https:\/\/schema.org","@graph":[{"@type":"WebPage","@id":"https:\/\/www.erwinsmuehlenbrauerei.de\/fr\/produkt\/le-ble-meunier-derwin\/","url":"https:\/\/www.erwinsmuehlenbrauerei.de\/fr\/produkt\/le-ble-meunier-derwin\/","name":"Le bl\u00e9 meunier d'Erwin - Erwins M\u00fchlenbrauerei mit Brauhaus Restaurant","isPartOf":{"@id":"https:\/\/www.erwinsmuehlenbrauerei.de\/fr\/#website"},"primaryImageOfPage":{"@id":"https:\/\/www.erwinsmuehlenbrauerei.de\/fr\/produkt\/le-ble-meunier-derwin\/#primaryimage"},"image":{"@id":"https:\/\/www.erwinsmuehlenbrauerei.de\/fr\/produkt\/le-ble-meunier-derwin\/#primaryimage"},"thumbnailUrl":"https:\/\/www.erwinsmuehlenbrauerei.de\/wp-content\/uploads\/ErwinsMuehlenbier-helles-6er.jpg","datePublished":"2023-10-18T10:37:16+00:00","description":"Le M\u00fchlenweizen d'Erwin a \u00e9t\u00e9 fabriqu\u00e9 et mis en bouteille selon l'art brassicole traditionnel. La bi\u00e8re de bl\u00e9 s\u00e9duit par sa note \u00e2pre et fra\u00eeche.","breadcrumb":{"@id":"https:\/\/www.erwinsmuehlenbrauerei.de\/fr\/produkt\/le-ble-meunier-derwin\/#breadcrumb"},"inLanguage":"fr-FR","potentialAction":[{"@type":"ReadAction","target":["https:\/\/www.erwinsmuehlenbrauerei.de\/fr\/produkt\/le-ble-meunier-derwin\/"]}]},{"@type":"ImageObject","inLanguage":"fr-FR","@id":"https:\/\/www.erwinsmuehlenbrauerei.de\/fr\/produkt\/le-ble-meunier-derwin\/#primaryimage","url":"https:\/\/www.erwinsmuehlenbrauerei.de\/wp-content\/uploads\/ErwinsMuehlenbier-helles-6er.jpg","contentUrl":"https:\/\/www.erwinsmuehlenbrauerei.de\/wp-content\/uploads\/ErwinsMuehlenbier-helles-6er.jpg","width":1407,"height":2110},{"@type":"BreadcrumbList","@id":"https:\/\/www.erwinsmuehlenbrauerei.de\/fr\/produkt\/le-ble-meunier-derwin\/#breadcrumb","itemListElement":[{"@type":"ListItem","position":1,"name":"Startseite","item":"https:\/\/www.erwinsmuehlenbrauerei.de\/fr\/"},{"@type":"ListItem","position":2,"name":"Boutique","item":"https:\/\/www.erwinsmuehlenbrauerei.de\/fr\/boutique\/"},{"@type":"ListItem","position":3,"name":"Le bl\u00e9 meunier d&#8217;Erwin"}]},{"@type":"WebSite","@id":"https:\/\/www.erwinsmuehlenbrauerei.de\/fr\/#website","url":"https:\/\/www.erwinsmuehlenbrauerei.de\/fr\/","name":"Erwins M\u00fchlenbrauerei mit Brauhaus Restaurant","description":"","publisher":{"@id":"https:\/\/www.erwinsmuehlenbrauerei.de\/fr\/#organization"},"potentialAction":[{"@type":"SearchAction","target":{"@type":"EntryPoint","urlTemplate":"https:\/\/www.erwinsmuehlenbrauerei.de\/fr\/?s={search_term_string}"},"query-input":{"@type":"PropertyValueSpecification","valueRequired":true,"valueName":"search_term_string"}}],"inLanguage":"fr-FR"},{"@type":"Organization","@id":"https:\/\/www.erwinsmuehlenbrauerei.de\/fr\/#organization","name":"Erwins M\u00fchlenbrauerei mit Brauhaus Restaurant","url":"https:\/\/www.erwinsmuehlenbrauerei.de\/fr\/","logo":{"@type":"ImageObject","inLanguage":"fr-FR","@id":"https:\/\/www.erwinsmuehlenbrauerei.de\/fr\/#\/schema\/logo\/image\/","url":"https:\/\/www.erwinsmuehlenbrauerei.de\/wp-content\/uploads\/2023\/05\/erwinsmuehlenbrauerei-logo-upscaled.png","contentUrl":"https:\/\/www.erwinsmuehlenbrauerei.de\/wp-content\/uploads\/2023\/05\/erwinsmuehlenbrauerei-logo-upscaled.png","width":677,"height":554,"caption":"Erwins M\u00fchlenbrauerei mit Brauhaus Restaurant"},"image":{"@id":"https:\/\/www.erwinsmuehlenbrauerei.de\/fr\/#\/schema\/logo\/image\/"}}]}},"_links":{"self":[{"href":"https:\/\/www.erwinsmuehlenbrauerei.de\/fr\/wp-json\/wp\/v2\/product\/3266","targetHints":{"allow":["GET"]}}],"collection":[{"href":"https:\/\/www.erwinsmuehlenbrauerei.de\/fr\/wp-json\/wp\/v2\/product"}],"about":[{"href":"https:\/\/www.erwinsmuehlenbrauerei.de\/fr\/wp-json\/wp\/v2\/types\/product"}],"wp:featuredmedia":[{"embeddable":true,"href":"https:\/\/www.erwinsmuehlenbrauerei.de\/fr\/wp-json\/wp\/v2\/media\/2674"}],"wp:attachment":[{"href":"https:\/\/www.erwinsmuehlenbrauerei.de\/fr\/wp-json\/wp\/v2\/media?parent=3266"}],"wp:term":[{"taxonomy":"product_brand","embeddable":true,"href":"https:\/\/www.erwinsmuehlenbrauerei.de\/fr\/wp-json\/wp\/v2\/product_brand?post=3266"},{"taxonomy":"product_cat","embeddable":true,"href":"https:\/\/www.erwinsmuehlenbrauerei.de\/fr\/wp-json\/wp\/v2\/product_cat?post=3266"},{"taxonomy":"product_tag","embeddable":true,"href":"https:\/\/www.erwinsmuehlenbrauerei.de\/fr\/wp-json\/wp\/v2\/product_tag?post=3266"}],"curies":[{"name":"wp","href":"https:\/\/api.w.org\/{rel}","templated":true}]}}