{"id":3264,"date":"2023-10-18T12:37:17","date_gmt":"2023-10-18T10:37:17","guid":{"rendered":"https:\/\/www.erwinsmuehlenbrauerei.de\/produkt\/bon-pour-le-brassage-de-la-biere-avec-erwin-incl-nuit-sur-place\/"},"modified":"2025-02-03T13:09:37","modified_gmt":"2025-02-03T12:09:37","slug":"bon-pour-le-brassage-de-la-biere-avec-erwin-incl-nuit-sur-place","status":"publish","type":"product","link":"https:\/\/www.erwinsmuehlenbrauerei.de\/fr\/produkt\/bon-pour-le-brassage-de-la-biere-avec-erwin-incl-nuit-sur-place\/","title":{"rendered":"Bon pour le brassage de la bi\u00e8re avec Erwin incl. Nuit sur place"},"content":{"rendered":"<h3>Un bon-cadeau de premi\u00e8re classe : le cours de brassage de bi\u00e8re avec le brasseur en chef Erwin<\/h3>\n<p><strong>&#8220;L&#8217;eau n&#8217;a pas de go\u00fbt tant qu&#8217;elle n&#8217;est pas pass\u00e9e par la brasserie du moulin d&#8217;Erwin !&#8221;<\/strong><\/p>\n<p><strong>&#8220;Si vous avez suivi notre cours de brassage \u00e0 la brasserie du moulin, vous appr\u00e9cierez encore un peu plus notre bi\u00e8re du moulin, si c&#8217;est encore possible&#8221;. <\/strong>(Citations pas tr\u00e8s s\u00e9rieuses, &#8220;philosophiques sur la bi\u00e8re&#8221; et pleines d&#8217;humour du brasseur en chef Erwin)<\/p>\n<p>Apr\u00e8s cette br\u00e8ve digression &#8220;bi\u00e9ro-philosophique&#8221;, nous souhaitons vous pr\u00e9senter notre offre extr\u00eamement int\u00e9ressante qui consiste \u00e0 offrir un cours de brassage de la bi\u00e8re avec notre brasseur en chef Erwin sous la forme d&#8217;un bon d\u00e9coratif.<\/p>\n<h3>Vous offrez ainsi un cadeau avec une garantie de ne jamais oublier !<\/h3>\n<p>Pour tous les amis de la bi\u00e8re !<\/p>\n<p>Apprendre \u00e0 conna\u00eetre le processus de brassage D\u00e9couvrir de pr\u00e8s les diff\u00e9rentes \u00e9tapes du brassage de la bi\u00e8re sur place, dans la brasserie du moulin, en regardant par-dessus l&#8217;\u00e9paule d&#8217;un professionnel de la brasserie comme notre brasseur en chef. Quoi de plus agr\u00e9able pour les amateurs de bi\u00e8re que de se voir offrir un bon-cadeau pour cette exp\u00e9rience de brassage \u00e0 la brasserie du moulin !<\/p>\n<h3>Qu&#8217;est-ce qui est inclus dans le ch\u00e8que-cadeau :<\/h3>\n<p>&#8211; 1 x nuit en chambre double<br \/>\n&#8211; 1 x brassage de la bi\u00e8re de A \u00e0 Z<br \/>\n&#8211; 1 x visite guid\u00e9e du moulin<br \/>\n&#8211; 1 x d\u00e9jeuner<br \/>\n&#8211; 1 x d\u00eener<br \/>\n&#8211; 1 x bi\u00e8re de bienvenue du moulin<br \/>\n&#8211; 3 x bi\u00e8re du moulin ou boissons non alcoolis\u00e9es<br \/>\n&#8211; 1 verre \u00e0 bi\u00e8re de moulin et tablier<br \/>\n&#8211; 1 x petit-d\u00e9jeuner brassicole le lendemain matin<br \/>\n&#8211; 1 certificat &#8220;Aide brasseur&#8221;.<\/p>\n<p>Co\u00fbt par personne : 159,50 \u20ac en chambre double + 40,00 \u20ac en chambre simple<\/p>\n<p>Pour les groupes de plus de 6 personnes, possibilit\u00e9 de r\u00e9server une date s\u00e9par\u00e9e.<\/p>\n<p>Plus d&#8217;informations sur le <a href=\"https:\/\/www.erwinsmuehlenbrauerei.de\/erlebniswelt\/bierbraukurs\/\">brassage de la bi\u00e8re avec Erwin<\/a><\/p>\n<p>Remarque :<br \/>\nLors de la conclusion de l&#8217;achat, veuillez indiquer le nom du b\u00e9n\u00e9ficiaire du ch\u00e8que-cadeau et, le cas \u00e9ch\u00e9ant, son num\u00e9ro de t\u00e9l\u00e9phone dans le champ &#8220;Remarques&#8221;. d&#8217;autres commentaires. Votre ch\u00e8que-cadeau d\u00e9coratif est g\u00e9n\u00e9ralement envoy\u00e9 par la poste le jour m\u00eame ! Rachat sur rendez-vous.<\/p>\n","protected":false},"excerpt":{"rendered":"<p>Un bon-cadeau de premi\u00e8re classe : le cours de brassage de bi\u00e8re avec le brasseur en chef Erwin &#8220;L&#8217;eau n&#8217;a pas de go\u00fbt tant qu&#8217;elle n&#8217;est pas pass\u00e9e par la brasserie du moulin d&#8217;Erwin !&#8221; &#8220;Si vous avez suivi notre cours de brassage \u00e0 la brasserie du moulin, vous appr\u00e9cierez encore un peu plus notre&hellip;&nbsp;<a href=\"https:\/\/www.erwinsmuehlenbrauerei.de\/fr\/produkt\/bon-pour-le-brassage-de-la-biere-avec-erwin-incl-nuit-sur-place\/\" rel=\"bookmark\">Read More &raquo;<span class=\"screen-reader-text\">Bon pour le brassage de la bi\u00e8re avec Erwin incl. Nuit sur place<\/span><\/a><\/p>\n","protected":false},"featured_media":2689,"template":"","meta":{"_acf_changed":false,"neve_meta_sidebar":"","neve_meta_container":"","neve_meta_enable_content_width":"off","neve_meta_content_width":100,"neve_meta_title_alignment":"","neve_meta_author_avatar":"","neve_post_elements_order":"","neve_meta_disable_header":"","neve_meta_disable_footer":"","neve_meta_disable_title":"","neve_meta_reading_time":""},"product_brand":[],"product_cat":[140],"product_tag":[],"class_list":{"0":"post-3264","1":"product","2":"type-product","3":"status-publish","4":"has-post-thumbnail","6":"product_cat-bons-dachat","7":"product_shipping_class-livraison-gratuite","9":"first","10":"instock","11":"taxable","12":"shipping-taxable","13":"purchasable","14":"product-type-variable","15":"has-default-attributes"},"acf":[],"yoast_head":"<!-- This site is optimized with the Yoast SEO plugin v27.4 - https:\/\/yoast.com\/product\/yoast-seo-wordpress\/ -->\n<title>Bon pour le brassage de la bi\u00e8re avec Erwin - Notre nouveau cours de brassage de la bi\u00e8re<\/title>\n<meta name=\"description\" content=\"Un bon-cadeau de premi\u00e8re classe : le cours de brassage de bi\u00e8re avec le brasseur en chef Erwin. Incl. 2 nuits dans le moulin \u00e0 eau historique.\" \/>\n<meta name=\"robots\" content=\"index, nofollow, max-snippet:-1, max-image-preview:large, max-video-preview:-1\" \/>\n<link rel=\"canonical\" href=\"https:\/\/www.erwinsmuehlenbrauerei.de\/fr\/produkt\/bon-pour-le-brassage-de-la-biere-avec-erwin-incl-nuit-sur-place\/\" \/>\n<meta property=\"og:locale\" content=\"fr_FR\" \/>\n<meta property=\"og:type\" content=\"article\" \/>\n<meta property=\"og:title\" content=\"Bon pour le brassage de la bi\u00e8re avec Erwin - Notre nouveau cours de brassage de la bi\u00e8re\" \/>\n<meta property=\"og:description\" content=\"Un bon-cadeau de premi\u00e8re classe : le cours de brassage de bi\u00e8re avec le brasseur en chef Erwin. Incl. 2 nuits dans le moulin \u00e0 eau historique.\" \/>\n<meta property=\"og:url\" content=\"https:\/\/www.erwinsmuehlenbrauerei.de\/fr\/produkt\/bon-pour-le-brassage-de-la-biere-avec-erwin-incl-nuit-sur-place\/\" \/>\n<meta property=\"og:site_name\" content=\"Erwins M\u00fchlenbrauerei mit Brauhaus Restaurant\" \/>\n<meta property=\"article:modified_time\" content=\"2025-02-03T12:09:37+00:00\" \/>\n<meta property=\"og:image\" content=\"https:\/\/www.erwinsmuehlenbrauerei.de\/wp-content\/uploads\/erwin-dampf-bierbrauen.jpg\" \/>\n\t<meta property=\"og:image:width\" content=\"300\" \/>\n\t<meta property=\"og:image:height\" content=\"300\" \/>\n\t<meta property=\"og:image:type\" content=\"image\/jpeg\" \/>\n<meta name=\"twitter:card\" content=\"summary_large_image\" \/>\n<meta name=\"twitter:label1\" content=\"Dur\u00e9e de lecture estim\u00e9e\" \/>\n\t<meta name=\"twitter:data1\" content=\"2 minutes\" \/>\n<script type=\"application\/ld+json\" class=\"yoast-schema-graph\">{\"@context\":\"https:\\\/\\\/schema.org\",\"@graph\":[{\"@type\":\"WebPage\",\"@id\":\"https:\\\/\\\/www.erwinsmuehlenbrauerei.de\\\/fr\\\/produkt\\\/bon-pour-le-brassage-de-la-biere-avec-erwin-incl-nuit-sur-place\\\/\",\"url\":\"https:\\\/\\\/www.erwinsmuehlenbrauerei.de\\\/fr\\\/produkt\\\/bon-pour-le-brassage-de-la-biere-avec-erwin-incl-nuit-sur-place\\\/\",\"name\":\"Bon pour le brassage de la bi\u00e8re avec Erwin - Notre nouveau cours de brassage de la bi\u00e8re\",\"isPartOf\":{\"@id\":\"https:\\\/\\\/www.erwinsmuehlenbrauerei.de\\\/fr\\\/#website\"},\"primaryImageOfPage\":{\"@id\":\"https:\\\/\\\/www.erwinsmuehlenbrauerei.de\\\/fr\\\/produkt\\\/bon-pour-le-brassage-de-la-biere-avec-erwin-incl-nuit-sur-place\\\/#primaryimage\"},\"image\":{\"@id\":\"https:\\\/\\\/www.erwinsmuehlenbrauerei.de\\\/fr\\\/produkt\\\/bon-pour-le-brassage-de-la-biere-avec-erwin-incl-nuit-sur-place\\\/#primaryimage\"},\"thumbnailUrl\":\"https:\\\/\\\/www.erwinsmuehlenbrauerei.de\\\/wp-content\\\/uploads\\\/erwin-dampf-bierbrauen.jpg\",\"datePublished\":\"2023-10-18T10:37:17+00:00\",\"dateModified\":\"2025-02-03T12:09:37+00:00\",\"description\":\"Un bon-cadeau de premi\u00e8re classe : le cours de brassage de bi\u00e8re avec le brasseur en chef Erwin. Incl. 2 nuits dans le moulin \u00e0 eau historique.\",\"breadcrumb\":{\"@id\":\"https:\\\/\\\/www.erwinsmuehlenbrauerei.de\\\/fr\\\/produkt\\\/bon-pour-le-brassage-de-la-biere-avec-erwin-incl-nuit-sur-place\\\/#breadcrumb\"},\"inLanguage\":\"fr-FR\",\"potentialAction\":[{\"@type\":\"ReadAction\",\"target\":[\"https:\\\/\\\/www.erwinsmuehlenbrauerei.de\\\/fr\\\/produkt\\\/bon-pour-le-brassage-de-la-biere-avec-erwin-incl-nuit-sur-place\\\/\"]}]},{\"@type\":\"ImageObject\",\"inLanguage\":\"fr-FR\",\"@id\":\"https:\\\/\\\/www.erwinsmuehlenbrauerei.de\\\/fr\\\/produkt\\\/bon-pour-le-brassage-de-la-biere-avec-erwin-incl-nuit-sur-place\\\/#primaryimage\",\"url\":\"https:\\\/\\\/www.erwinsmuehlenbrauerei.de\\\/wp-content\\\/uploads\\\/erwin-dampf-bierbrauen.jpg\",\"contentUrl\":\"https:\\\/\\\/www.erwinsmuehlenbrauerei.de\\\/wp-content\\\/uploads\\\/erwin-dampf-bierbrauen.jpg\",\"width\":300,\"height\":300},{\"@type\":\"BreadcrumbList\",\"@id\":\"https:\\\/\\\/www.erwinsmuehlenbrauerei.de\\\/fr\\\/produkt\\\/bon-pour-le-brassage-de-la-biere-avec-erwin-incl-nuit-sur-place\\\/#breadcrumb\",\"itemListElement\":[{\"@type\":\"ListItem\",\"position\":1,\"name\":\"Startseite\",\"item\":\"https:\\\/\\\/www.erwinsmuehlenbrauerei.de\\\/fr\\\/\"},{\"@type\":\"ListItem\",\"position\":2,\"name\":\"Boutique\",\"item\":\"https:\\\/\\\/www.erwinsmuehlenbrauerei.de\\\/fr\\\/boutique\\\/\"},{\"@type\":\"ListItem\",\"position\":3,\"name\":\"Bon pour le brassage de la bi\u00e8re avec Erwin incl. Nuit sur place\"}]},{\"@type\":\"WebSite\",\"@id\":\"https:\\\/\\\/www.erwinsmuehlenbrauerei.de\\\/fr\\\/#website\",\"url\":\"https:\\\/\\\/www.erwinsmuehlenbrauerei.de\\\/fr\\\/\",\"name\":\"Erwins M\u00fchlenbrauerei mit Brauhaus Restaurant\",\"description\":\"\",\"publisher\":{\"@id\":\"https:\\\/\\\/www.erwinsmuehlenbrauerei.de\\\/fr\\\/#organization\"},\"potentialAction\":[{\"@type\":\"SearchAction\",\"target\":{\"@type\":\"EntryPoint\",\"urlTemplate\":\"https:\\\/\\\/www.erwinsmuehlenbrauerei.de\\\/fr\\\/?s={search_term_string}\"},\"query-input\":{\"@type\":\"PropertyValueSpecification\",\"valueRequired\":true,\"valueName\":\"search_term_string\"}}],\"inLanguage\":\"fr-FR\"},{\"@type\":\"Organization\",\"@id\":\"https:\\\/\\\/www.erwinsmuehlenbrauerei.de\\\/fr\\\/#organization\",\"name\":\"Erwins M\u00fchlenbrauerei mit Brauhaus Restaurant\",\"url\":\"https:\\\/\\\/www.erwinsmuehlenbrauerei.de\\\/fr\\\/\",\"logo\":{\"@type\":\"ImageObject\",\"inLanguage\":\"fr-FR\",\"@id\":\"https:\\\/\\\/www.erwinsmuehlenbrauerei.de\\\/fr\\\/#\\\/schema\\\/logo\\\/image\\\/\",\"url\":\"https:\\\/\\\/www.erwinsmuehlenbrauerei.de\\\/wp-content\\\/uploads\\\/2023\\\/05\\\/erwinsmuehlenbrauerei-logo-upscaled.png\",\"contentUrl\":\"https:\\\/\\\/www.erwinsmuehlenbrauerei.de\\\/wp-content\\\/uploads\\\/2023\\\/05\\\/erwinsmuehlenbrauerei-logo-upscaled.png\",\"width\":677,\"height\":554,\"caption\":\"Erwins M\u00fchlenbrauerei mit Brauhaus Restaurant\"},\"image\":{\"@id\":\"https:\\\/\\\/www.erwinsmuehlenbrauerei.de\\\/fr\\\/#\\\/schema\\\/logo\\\/image\\\/\"}}]}<\/script>\n<!-- \/ Yoast SEO plugin. -->","yoast_head_json":{"title":"Bon pour le brassage de la bi\u00e8re avec Erwin - Notre nouveau cours de brassage de la bi\u00e8re","description":"Un bon-cadeau de premi\u00e8re classe : le cours de brassage de bi\u00e8re avec le brasseur en chef Erwin. Incl. 2 nuits dans le moulin \u00e0 eau historique.","robots":{"index":"index","follow":"nofollow","max-snippet":"max-snippet:-1","max-image-preview":"max-image-preview:large","max-video-preview":"max-video-preview:-1"},"canonical":"https:\/\/www.erwinsmuehlenbrauerei.de\/fr\/produkt\/bon-pour-le-brassage-de-la-biere-avec-erwin-incl-nuit-sur-place\/","og_locale":"fr_FR","og_type":"article","og_title":"Bon pour le brassage de la bi\u00e8re avec Erwin - Notre nouveau cours de brassage de la bi\u00e8re","og_description":"Un bon-cadeau de premi\u00e8re classe : le cours de brassage de bi\u00e8re avec le brasseur en chef Erwin. Incl. 2 nuits dans le moulin \u00e0 eau historique.","og_url":"https:\/\/www.erwinsmuehlenbrauerei.de\/fr\/produkt\/bon-pour-le-brassage-de-la-biere-avec-erwin-incl-nuit-sur-place\/","og_site_name":"Erwins M\u00fchlenbrauerei mit Brauhaus Restaurant","article_modified_time":"2025-02-03T12:09:37+00:00","og_image":[{"width":300,"height":300,"url":"https:\/\/www.erwinsmuehlenbrauerei.de\/wp-content\/uploads\/erwin-dampf-bierbrauen.jpg","type":"image\/jpeg"}],"twitter_card":"summary_large_image","twitter_misc":{"Dur\u00e9e de lecture estim\u00e9e":"2 minutes"},"schema":{"@context":"https:\/\/schema.org","@graph":[{"@type":"WebPage","@id":"https:\/\/www.erwinsmuehlenbrauerei.de\/fr\/produkt\/bon-pour-le-brassage-de-la-biere-avec-erwin-incl-nuit-sur-place\/","url":"https:\/\/www.erwinsmuehlenbrauerei.de\/fr\/produkt\/bon-pour-le-brassage-de-la-biere-avec-erwin-incl-nuit-sur-place\/","name":"Bon pour le brassage de la bi\u00e8re avec Erwin - Notre nouveau cours de brassage de la bi\u00e8re","isPartOf":{"@id":"https:\/\/www.erwinsmuehlenbrauerei.de\/fr\/#website"},"primaryImageOfPage":{"@id":"https:\/\/www.erwinsmuehlenbrauerei.de\/fr\/produkt\/bon-pour-le-brassage-de-la-biere-avec-erwin-incl-nuit-sur-place\/#primaryimage"},"image":{"@id":"https:\/\/www.erwinsmuehlenbrauerei.de\/fr\/produkt\/bon-pour-le-brassage-de-la-biere-avec-erwin-incl-nuit-sur-place\/#primaryimage"},"thumbnailUrl":"https:\/\/www.erwinsmuehlenbrauerei.de\/wp-content\/uploads\/erwin-dampf-bierbrauen.jpg","datePublished":"2023-10-18T10:37:17+00:00","dateModified":"2025-02-03T12:09:37+00:00","description":"Un bon-cadeau de premi\u00e8re classe : le cours de brassage de bi\u00e8re avec le brasseur en chef Erwin. Incl. 2 nuits dans le moulin \u00e0 eau historique.","breadcrumb":{"@id":"https:\/\/www.erwinsmuehlenbrauerei.de\/fr\/produkt\/bon-pour-le-brassage-de-la-biere-avec-erwin-incl-nuit-sur-place\/#breadcrumb"},"inLanguage":"fr-FR","potentialAction":[{"@type":"ReadAction","target":["https:\/\/www.erwinsmuehlenbrauerei.de\/fr\/produkt\/bon-pour-le-brassage-de-la-biere-avec-erwin-incl-nuit-sur-place\/"]}]},{"@type":"ImageObject","inLanguage":"fr-FR","@id":"https:\/\/www.erwinsmuehlenbrauerei.de\/fr\/produkt\/bon-pour-le-brassage-de-la-biere-avec-erwin-incl-nuit-sur-place\/#primaryimage","url":"https:\/\/www.erwinsmuehlenbrauerei.de\/wp-content\/uploads\/erwin-dampf-bierbrauen.jpg","contentUrl":"https:\/\/www.erwinsmuehlenbrauerei.de\/wp-content\/uploads\/erwin-dampf-bierbrauen.jpg","width":300,"height":300},{"@type":"BreadcrumbList","@id":"https:\/\/www.erwinsmuehlenbrauerei.de\/fr\/produkt\/bon-pour-le-brassage-de-la-biere-avec-erwin-incl-nuit-sur-place\/#breadcrumb","itemListElement":[{"@type":"ListItem","position":1,"name":"Startseite","item":"https:\/\/www.erwinsmuehlenbrauerei.de\/fr\/"},{"@type":"ListItem","position":2,"name":"Boutique","item":"https:\/\/www.erwinsmuehlenbrauerei.de\/fr\/boutique\/"},{"@type":"ListItem","position":3,"name":"Bon pour le brassage de la bi\u00e8re avec Erwin incl. Nuit sur place"}]},{"@type":"WebSite","@id":"https:\/\/www.erwinsmuehlenbrauerei.de\/fr\/#website","url":"https:\/\/www.erwinsmuehlenbrauerei.de\/fr\/","name":"Erwins M\u00fchlenbrauerei mit Brauhaus Restaurant","description":"","publisher":{"@id":"https:\/\/www.erwinsmuehlenbrauerei.de\/fr\/#organization"},"potentialAction":[{"@type":"SearchAction","target":{"@type":"EntryPoint","urlTemplate":"https:\/\/www.erwinsmuehlenbrauerei.de\/fr\/?s={search_term_string}"},"query-input":{"@type":"PropertyValueSpecification","valueRequired":true,"valueName":"search_term_string"}}],"inLanguage":"fr-FR"},{"@type":"Organization","@id":"https:\/\/www.erwinsmuehlenbrauerei.de\/fr\/#organization","name":"Erwins M\u00fchlenbrauerei mit Brauhaus Restaurant","url":"https:\/\/www.erwinsmuehlenbrauerei.de\/fr\/","logo":{"@type":"ImageObject","inLanguage":"fr-FR","@id":"https:\/\/www.erwinsmuehlenbrauerei.de\/fr\/#\/schema\/logo\/image\/","url":"https:\/\/www.erwinsmuehlenbrauerei.de\/wp-content\/uploads\/2023\/05\/erwinsmuehlenbrauerei-logo-upscaled.png","contentUrl":"https:\/\/www.erwinsmuehlenbrauerei.de\/wp-content\/uploads\/2023\/05\/erwinsmuehlenbrauerei-logo-upscaled.png","width":677,"height":554,"caption":"Erwins M\u00fchlenbrauerei mit Brauhaus Restaurant"},"image":{"@id":"https:\/\/www.erwinsmuehlenbrauerei.de\/fr\/#\/schema\/logo\/image\/"}}]}},"_links":{"self":[{"href":"https:\/\/www.erwinsmuehlenbrauerei.de\/fr\/wp-json\/wp\/v2\/product\/3264","targetHints":{"allow":["GET"]}}],"collection":[{"href":"https:\/\/www.erwinsmuehlenbrauerei.de\/fr\/wp-json\/wp\/v2\/product"}],"about":[{"href":"https:\/\/www.erwinsmuehlenbrauerei.de\/fr\/wp-json\/wp\/v2\/types\/product"}],"wp:featuredmedia":[{"embeddable":true,"href":"https:\/\/www.erwinsmuehlenbrauerei.de\/fr\/wp-json\/wp\/v2\/media\/2689"}],"wp:attachment":[{"href":"https:\/\/www.erwinsmuehlenbrauerei.de\/fr\/wp-json\/wp\/v2\/media?parent=3264"}],"wp:term":[{"taxonomy":"product_brand","embeddable":true,"href":"https:\/\/www.erwinsmuehlenbrauerei.de\/fr\/wp-json\/wp\/v2\/product_brand?post=3264"},{"taxonomy":"product_cat","embeddable":true,"href":"https:\/\/www.erwinsmuehlenbrauerei.de\/fr\/wp-json\/wp\/v2\/product_cat?post=3264"},{"taxonomy":"product_tag","embeddable":true,"href":"https:\/\/www.erwinsmuehlenbrauerei.de\/fr\/wp-json\/wp\/v2\/product_tag?post=3264"}],"curies":[{"name":"wp","href":"https:\/\/api.w.org\/{rel}","templated":true}]}}