{"id":3245,"date":"2023-10-18T12:37:16","date_gmt":"2023-10-18T10:37:16","guid":{"rendered":"https:\/\/www.erwinsmuehlenbrauerei.de\/produkt\/verre-a-biere-de-ble-derwin\/"},"modified":"2024-02-26T09:32:32","modified_gmt":"2024-02-26T08:32:32","slug":"verre-a-biere-de-ble-derwin","status":"publish","type":"product","link":"https:\/\/www.erwinsmuehlenbrauerei.de\/fr\/produkt\/verre-a-biere-de-ble-derwin\/","title":{"rendered":"Verre \u00e0 bi\u00e8re de bl\u00e9 d&#8217;Erwin"},"content":{"rendered":"<h3><strong>L&#8217;\u0153il boit aussi : C&#8217;est pourquoi vous devriez d\u00e9guster la M\u00fchlenweizen d&#8217;Erwin dans des verres \u00e0 bi\u00e8re de bl\u00e9 d&#8217;Erwin !<\/strong><\/h3>\n<p>Les bi\u00e8res traditionnelles peuvent \u00e9galement \u00eatre consomm\u00e9es dans des verres \u00e0 bi\u00e8re traditionnels. Mais le M\u00fchlenweizen d&#8217;Erwin doit dans tous les cas \u00eatre bu avec plaisir dans un verre styl\u00e9 et adapt\u00e9. Vous pouvez donc ici, dans notre <a href=\"https:\/\/www.erwinsmuehlenbrauerei.de\/fr\/boutique\/\"><br \/>\n  <u>boutique en ligne<\/u><br \/>\n<\/a> non seulement les deux <a href=\"https:\/\/www.erwinsmuehlenbrauerei.de\/fr\/produkt-kategorie\/biere-de-leifel-erwins-muehlenbier\/\"><br \/>\n  <u>bi\u00e8res de moulin<\/u><br \/>\n<\/a> mais aussi les verres \u00e0 bi\u00e8re de moulin originaux correspondants.<\/p>\n<p>Notre verre \u00e0 bi\u00e8re de bl\u00e9 a une capacit\u00e9 de 0,4 litre. La particularit\u00e9 de nos verres \u00e0 bi\u00e8re de bl\u00e9 est le motif original de la bi\u00e8re de moulin !<\/p>\n<h3><strong>Que veut nous dire le logo original de la bi\u00e8re de moulin ?<\/strong><\/h3>\n<p>Le brasseur en chef Erwin nous fournit l&#8217;explication appropri\u00e9e : &#8220;La conception de notre logo repr\u00e9sente notre respect pour l&#8217;art de la brasserie monastique \u00e0 l&#8217;\u00e9poque o\u00f9 les moines \u00e9taient les seuls brasseurs de bi\u00e8re. Mon portrait dans le logo doit symboliser mon ambition de me rapprocher le plus possible de l&#8217;art brassicole des moines dans chaque processus de brassage. Le cristal de glace surdimensionn\u00e9 repr\u00e9sent\u00e9 dans le logo de notre bi\u00e8re repr\u00e9sente le message selon lequel notre bi\u00e8re est meilleure lorsqu&#8217;elle est fra\u00eeche&#8221; !<\/p>\n<p><strong>Alors, \u00e0 la v\u00f4tre !  <\/strong><\/p>\n<p>Avec nos verres \u00e0 bi\u00e8re de bl\u00e9, trinquer chez vous sonne encore un peu plus beau ! Essayez-le !<\/p>\n","protected":false},"excerpt":{"rendered":"<p>L&#8217;\u0153il boit aussi : C&#8217;est pourquoi vous devriez d\u00e9guster la M\u00fchlenweizen d&#8217;Erwin dans des verres \u00e0 bi\u00e8re de bl\u00e9 d&#8217;Erwin ! Les bi\u00e8res traditionnelles peuvent \u00e9galement \u00eatre consomm\u00e9es dans des verres \u00e0 bi\u00e8re traditionnels. Mais le M\u00fchlenweizen d&#8217;Erwin doit dans tous les cas \u00eatre bu avec plaisir dans un verre styl\u00e9 et adapt\u00e9. Vous pouvez&hellip;&nbsp;<a href=\"https:\/\/www.erwinsmuehlenbrauerei.de\/fr\/produkt\/verre-a-biere-de-ble-derwin\/\" rel=\"bookmark\">Read More &raquo;<span class=\"screen-reader-text\">Verre \u00e0 bi\u00e8re de bl\u00e9 d&#8217;Erwin<\/span><\/a><\/p>\n","protected":false},"featured_media":2683,"template":"","meta":{"_acf_changed":false,"neve_meta_sidebar":"","neve_meta_container":"","neve_meta_enable_content_width":"off","neve_meta_content_width":100,"neve_meta_title_alignment":"","neve_meta_author_avatar":"","neve_post_elements_order":"","neve_meta_disable_header":"","neve_meta_disable_footer":"","neve_meta_disable_title":"","neve_meta_reading_time":""},"product_brand":[],"product_cat":[139],"product_tag":[],"class_list":{"0":"post-3245","1":"product","2":"type-product","3":"status-publish","4":"has-post-thumbnail","6":"product_cat-biere-de-leifel-erwins-muehlenbier","7":"product_shipping_class-expedition-assuree","9":"first","10":"instock","11":"taxable","12":"shipping-taxable","13":"purchasable","14":"product-type-simple"},"acf":[],"yoast_head":"<!-- This site is optimized with the Yoast SEO plugin v27.5 - https:\/\/yoast.com\/product\/yoast-seo-wordpress\/ -->\n<title>Verre \u00e0 bi\u00e8re de bl\u00e9 d&#039;Erwin - Erwins M\u00fchlenbrauerei mit Brauhaus Restaurant<\/title>\n<meta name=\"description\" content=\"Le verre \u00e0 bi\u00e8re de bl\u00e9 d&#039;Erwin est le verre qui convient \u00e0 notre d\u00e9licieuse bi\u00e8re de bl\u00e9 de moulin. Rendez-vous dans notre boutique en ligne pour vous en convaincre !\" \/>\n<meta name=\"robots\" content=\"index, follow, max-snippet:-1, max-image-preview:large, max-video-preview:-1\" \/>\n<link rel=\"canonical\" href=\"https:\/\/www.erwinsmuehlenbrauerei.de\/fr\/produkt\/verre-a-biere-de-ble-derwin\/\" \/>\n<meta property=\"og:locale\" content=\"fr_FR\" \/>\n<meta property=\"og:type\" content=\"article\" \/>\n<meta property=\"og:title\" content=\"Verre \u00e0 bi\u00e8re de bl\u00e9 d&#039;Erwin - Erwins M\u00fchlenbrauerei mit Brauhaus Restaurant\" \/>\n<meta property=\"og:description\" content=\"Le verre \u00e0 bi\u00e8re de bl\u00e9 d&#039;Erwin est le verre qui convient \u00e0 notre d\u00e9licieuse bi\u00e8re de bl\u00e9 de moulin. Rendez-vous dans notre boutique en ligne pour vous en convaincre !\" \/>\n<meta property=\"og:url\" content=\"https:\/\/www.erwinsmuehlenbrauerei.de\/fr\/produkt\/verre-a-biere-de-ble-derwin\/\" \/>\n<meta property=\"og:site_name\" content=\"Erwins M\u00fchlenbrauerei mit Brauhaus Restaurant\" \/>\n<meta property=\"article:modified_time\" content=\"2024-02-26T08:32:32+00:00\" \/>\n<meta property=\"og:image\" content=\"https:\/\/www.erwinsmuehlenbrauerei.de\/wp-content\/uploads\/Erwins-Muehlenweizenglas-e1698065222325.jpg\" \/>\n\t<meta property=\"og:image:width\" content=\"1406\" \/>\n\t<meta property=\"og:image:height\" content=\"1477\" \/>\n\t<meta property=\"og:image:type\" content=\"image\/jpeg\" \/>\n<meta name=\"twitter:card\" content=\"summary_large_image\" \/>\n<meta name=\"twitter:label1\" content=\"Dur\u00e9e de lecture estim\u00e9e\" \/>\n\t<meta name=\"twitter:data1\" content=\"1 minute\" \/>\n<script type=\"application\/ld+json\" class=\"yoast-schema-graph\">{\"@context\":\"https:\\\/\\\/schema.org\",\"@graph\":[{\"@type\":\"WebPage\",\"@id\":\"https:\\\/\\\/www.erwinsmuehlenbrauerei.de\\\/fr\\\/produkt\\\/verre-a-biere-de-ble-derwin\\\/\",\"url\":\"https:\\\/\\\/www.erwinsmuehlenbrauerei.de\\\/fr\\\/produkt\\\/verre-a-biere-de-ble-derwin\\\/\",\"name\":\"Verre \u00e0 bi\u00e8re de bl\u00e9 d'Erwin - Erwins M\u00fchlenbrauerei mit Brauhaus Restaurant\",\"isPartOf\":{\"@id\":\"https:\\\/\\\/www.erwinsmuehlenbrauerei.de\\\/fr\\\/#website\"},\"primaryImageOfPage\":{\"@id\":\"https:\\\/\\\/www.erwinsmuehlenbrauerei.de\\\/fr\\\/produkt\\\/verre-a-biere-de-ble-derwin\\\/#primaryimage\"},\"image\":{\"@id\":\"https:\\\/\\\/www.erwinsmuehlenbrauerei.de\\\/fr\\\/produkt\\\/verre-a-biere-de-ble-derwin\\\/#primaryimage\"},\"thumbnailUrl\":\"https:\\\/\\\/www.erwinsmuehlenbrauerei.de\\\/wp-content\\\/uploads\\\/Erwins-Muehlenweizenglas-e1698065222325.jpg\",\"datePublished\":\"2023-10-18T10:37:16+00:00\",\"dateModified\":\"2024-02-26T08:32:32+00:00\",\"description\":\"Le verre \u00e0 bi\u00e8re de bl\u00e9 d'Erwin est le verre qui convient \u00e0 notre d\u00e9licieuse bi\u00e8re de bl\u00e9 de moulin. Rendez-vous dans notre boutique en ligne pour vous en convaincre !\",\"breadcrumb\":{\"@id\":\"https:\\\/\\\/www.erwinsmuehlenbrauerei.de\\\/fr\\\/produkt\\\/verre-a-biere-de-ble-derwin\\\/#breadcrumb\"},\"inLanguage\":\"fr-FR\",\"potentialAction\":[{\"@type\":\"ReadAction\",\"target\":[\"https:\\\/\\\/www.erwinsmuehlenbrauerei.de\\\/fr\\\/produkt\\\/verre-a-biere-de-ble-derwin\\\/\"]}]},{\"@type\":\"ImageObject\",\"inLanguage\":\"fr-FR\",\"@id\":\"https:\\\/\\\/www.erwinsmuehlenbrauerei.de\\\/fr\\\/produkt\\\/verre-a-biere-de-ble-derwin\\\/#primaryimage\",\"url\":\"https:\\\/\\\/www.erwinsmuehlenbrauerei.de\\\/wp-content\\\/uploads\\\/Erwins-Muehlenweizenglas-e1698065222325.jpg\",\"contentUrl\":\"https:\\\/\\\/www.erwinsmuehlenbrauerei.de\\\/wp-content\\\/uploads\\\/Erwins-Muehlenweizenglas-e1698065222325.jpg\",\"width\":1406,\"height\":1477},{\"@type\":\"BreadcrumbList\",\"@id\":\"https:\\\/\\\/www.erwinsmuehlenbrauerei.de\\\/fr\\\/produkt\\\/verre-a-biere-de-ble-derwin\\\/#breadcrumb\",\"itemListElement\":[{\"@type\":\"ListItem\",\"position\":1,\"name\":\"Startseite\",\"item\":\"https:\\\/\\\/www.erwinsmuehlenbrauerei.de\\\/fr\\\/\"},{\"@type\":\"ListItem\",\"position\":2,\"name\":\"Boutique\",\"item\":\"https:\\\/\\\/www.erwinsmuehlenbrauerei.de\\\/fr\\\/boutique\\\/\"},{\"@type\":\"ListItem\",\"position\":3,\"name\":\"Verre \u00e0 bi\u00e8re de bl\u00e9 d&#8217;Erwin\"}]},{\"@type\":\"WebSite\",\"@id\":\"https:\\\/\\\/www.erwinsmuehlenbrauerei.de\\\/fr\\\/#website\",\"url\":\"https:\\\/\\\/www.erwinsmuehlenbrauerei.de\\\/fr\\\/\",\"name\":\"Erwins M\u00fchlenbrauerei mit Brauhaus Restaurant\",\"description\":\"\",\"publisher\":{\"@id\":\"https:\\\/\\\/www.erwinsmuehlenbrauerei.de\\\/fr\\\/#organization\"},\"potentialAction\":[{\"@type\":\"SearchAction\",\"target\":{\"@type\":\"EntryPoint\",\"urlTemplate\":\"https:\\\/\\\/www.erwinsmuehlenbrauerei.de\\\/fr\\\/?s={search_term_string}\"},\"query-input\":{\"@type\":\"PropertyValueSpecification\",\"valueRequired\":true,\"valueName\":\"search_term_string\"}}],\"inLanguage\":\"fr-FR\"},{\"@type\":\"Organization\",\"@id\":\"https:\\\/\\\/www.erwinsmuehlenbrauerei.de\\\/fr\\\/#organization\",\"name\":\"Erwins M\u00fchlenbrauerei mit Brauhaus Restaurant\",\"url\":\"https:\\\/\\\/www.erwinsmuehlenbrauerei.de\\\/fr\\\/\",\"logo\":{\"@type\":\"ImageObject\",\"inLanguage\":\"fr-FR\",\"@id\":\"https:\\\/\\\/www.erwinsmuehlenbrauerei.de\\\/fr\\\/#\\\/schema\\\/logo\\\/image\\\/\",\"url\":\"https:\\\/\\\/www.erwinsmuehlenbrauerei.de\\\/wp-content\\\/uploads\\\/2023\\\/05\\\/erwinsmuehlenbrauerei-logo-upscaled.png\",\"contentUrl\":\"https:\\\/\\\/www.erwinsmuehlenbrauerei.de\\\/wp-content\\\/uploads\\\/2023\\\/05\\\/erwinsmuehlenbrauerei-logo-upscaled.png\",\"width\":677,\"height\":554,\"caption\":\"Erwins M\u00fchlenbrauerei mit Brauhaus Restaurant\"},\"image\":{\"@id\":\"https:\\\/\\\/www.erwinsmuehlenbrauerei.de\\\/fr\\\/#\\\/schema\\\/logo\\\/image\\\/\"}}]}<\/script>\n<!-- \/ Yoast SEO plugin. -->","yoast_head_json":{"title":"Verre \u00e0 bi\u00e8re de bl\u00e9 d'Erwin - Erwins M\u00fchlenbrauerei mit Brauhaus Restaurant","description":"Le verre \u00e0 bi\u00e8re de bl\u00e9 d'Erwin est le verre qui convient \u00e0 notre d\u00e9licieuse bi\u00e8re de bl\u00e9 de moulin. Rendez-vous dans notre boutique en ligne pour vous en convaincre !","robots":{"index":"index","follow":"follow","max-snippet":"max-snippet:-1","max-image-preview":"max-image-preview:large","max-video-preview":"max-video-preview:-1"},"canonical":"https:\/\/www.erwinsmuehlenbrauerei.de\/fr\/produkt\/verre-a-biere-de-ble-derwin\/","og_locale":"fr_FR","og_type":"article","og_title":"Verre \u00e0 bi\u00e8re de bl\u00e9 d'Erwin - Erwins M\u00fchlenbrauerei mit Brauhaus Restaurant","og_description":"Le verre \u00e0 bi\u00e8re de bl\u00e9 d'Erwin est le verre qui convient \u00e0 notre d\u00e9licieuse bi\u00e8re de bl\u00e9 de moulin. Rendez-vous dans notre boutique en ligne pour vous en convaincre !","og_url":"https:\/\/www.erwinsmuehlenbrauerei.de\/fr\/produkt\/verre-a-biere-de-ble-derwin\/","og_site_name":"Erwins M\u00fchlenbrauerei mit Brauhaus Restaurant","article_modified_time":"2024-02-26T08:32:32+00:00","og_image":[{"width":1406,"height":1477,"url":"https:\/\/www.erwinsmuehlenbrauerei.de\/wp-content\/uploads\/Erwins-Muehlenweizenglas-e1698065222325.jpg","type":"image\/jpeg"}],"twitter_card":"summary_large_image","twitter_misc":{"Dur\u00e9e de lecture estim\u00e9e":"1 minute"},"schema":{"@context":"https:\/\/schema.org","@graph":[{"@type":"WebPage","@id":"https:\/\/www.erwinsmuehlenbrauerei.de\/fr\/produkt\/verre-a-biere-de-ble-derwin\/","url":"https:\/\/www.erwinsmuehlenbrauerei.de\/fr\/produkt\/verre-a-biere-de-ble-derwin\/","name":"Verre \u00e0 bi\u00e8re de bl\u00e9 d'Erwin - Erwins M\u00fchlenbrauerei mit Brauhaus Restaurant","isPartOf":{"@id":"https:\/\/www.erwinsmuehlenbrauerei.de\/fr\/#website"},"primaryImageOfPage":{"@id":"https:\/\/www.erwinsmuehlenbrauerei.de\/fr\/produkt\/verre-a-biere-de-ble-derwin\/#primaryimage"},"image":{"@id":"https:\/\/www.erwinsmuehlenbrauerei.de\/fr\/produkt\/verre-a-biere-de-ble-derwin\/#primaryimage"},"thumbnailUrl":"https:\/\/www.erwinsmuehlenbrauerei.de\/wp-content\/uploads\/Erwins-Muehlenweizenglas-e1698065222325.jpg","datePublished":"2023-10-18T10:37:16+00:00","dateModified":"2024-02-26T08:32:32+00:00","description":"Le verre \u00e0 bi\u00e8re de bl\u00e9 d'Erwin est le verre qui convient \u00e0 notre d\u00e9licieuse bi\u00e8re de bl\u00e9 de moulin. Rendez-vous dans notre boutique en ligne pour vous en convaincre !","breadcrumb":{"@id":"https:\/\/www.erwinsmuehlenbrauerei.de\/fr\/produkt\/verre-a-biere-de-ble-derwin\/#breadcrumb"},"inLanguage":"fr-FR","potentialAction":[{"@type":"ReadAction","target":["https:\/\/www.erwinsmuehlenbrauerei.de\/fr\/produkt\/verre-a-biere-de-ble-derwin\/"]}]},{"@type":"ImageObject","inLanguage":"fr-FR","@id":"https:\/\/www.erwinsmuehlenbrauerei.de\/fr\/produkt\/verre-a-biere-de-ble-derwin\/#primaryimage","url":"https:\/\/www.erwinsmuehlenbrauerei.de\/wp-content\/uploads\/Erwins-Muehlenweizenglas-e1698065222325.jpg","contentUrl":"https:\/\/www.erwinsmuehlenbrauerei.de\/wp-content\/uploads\/Erwins-Muehlenweizenglas-e1698065222325.jpg","width":1406,"height":1477},{"@type":"BreadcrumbList","@id":"https:\/\/www.erwinsmuehlenbrauerei.de\/fr\/produkt\/verre-a-biere-de-ble-derwin\/#breadcrumb","itemListElement":[{"@type":"ListItem","position":1,"name":"Startseite","item":"https:\/\/www.erwinsmuehlenbrauerei.de\/fr\/"},{"@type":"ListItem","position":2,"name":"Boutique","item":"https:\/\/www.erwinsmuehlenbrauerei.de\/fr\/boutique\/"},{"@type":"ListItem","position":3,"name":"Verre \u00e0 bi\u00e8re de bl\u00e9 d&#8217;Erwin"}]},{"@type":"WebSite","@id":"https:\/\/www.erwinsmuehlenbrauerei.de\/fr\/#website","url":"https:\/\/www.erwinsmuehlenbrauerei.de\/fr\/","name":"Erwins M\u00fchlenbrauerei mit Brauhaus Restaurant","description":"","publisher":{"@id":"https:\/\/www.erwinsmuehlenbrauerei.de\/fr\/#organization"},"potentialAction":[{"@type":"SearchAction","target":{"@type":"EntryPoint","urlTemplate":"https:\/\/www.erwinsmuehlenbrauerei.de\/fr\/?s={search_term_string}"},"query-input":{"@type":"PropertyValueSpecification","valueRequired":true,"valueName":"search_term_string"}}],"inLanguage":"fr-FR"},{"@type":"Organization","@id":"https:\/\/www.erwinsmuehlenbrauerei.de\/fr\/#organization","name":"Erwins M\u00fchlenbrauerei mit Brauhaus Restaurant","url":"https:\/\/www.erwinsmuehlenbrauerei.de\/fr\/","logo":{"@type":"ImageObject","inLanguage":"fr-FR","@id":"https:\/\/www.erwinsmuehlenbrauerei.de\/fr\/#\/schema\/logo\/image\/","url":"https:\/\/www.erwinsmuehlenbrauerei.de\/wp-content\/uploads\/2023\/05\/erwinsmuehlenbrauerei-logo-upscaled.png","contentUrl":"https:\/\/www.erwinsmuehlenbrauerei.de\/wp-content\/uploads\/2023\/05\/erwinsmuehlenbrauerei-logo-upscaled.png","width":677,"height":554,"caption":"Erwins M\u00fchlenbrauerei mit Brauhaus Restaurant"},"image":{"@id":"https:\/\/www.erwinsmuehlenbrauerei.de\/fr\/#\/schema\/logo\/image\/"}}]}},"_links":{"self":[{"href":"https:\/\/www.erwinsmuehlenbrauerei.de\/fr\/wp-json\/wp\/v2\/product\/3245","targetHints":{"allow":["GET"]}}],"collection":[{"href":"https:\/\/www.erwinsmuehlenbrauerei.de\/fr\/wp-json\/wp\/v2\/product"}],"about":[{"href":"https:\/\/www.erwinsmuehlenbrauerei.de\/fr\/wp-json\/wp\/v2\/types\/product"}],"wp:featuredmedia":[{"embeddable":true,"href":"https:\/\/www.erwinsmuehlenbrauerei.de\/fr\/wp-json\/wp\/v2\/media\/2683"}],"wp:attachment":[{"href":"https:\/\/www.erwinsmuehlenbrauerei.de\/fr\/wp-json\/wp\/v2\/media?parent=3245"}],"wp:term":[{"taxonomy":"product_brand","embeddable":true,"href":"https:\/\/www.erwinsmuehlenbrauerei.de\/fr\/wp-json\/wp\/v2\/product_brand?post=3245"},{"taxonomy":"product_cat","embeddable":true,"href":"https:\/\/www.erwinsmuehlenbrauerei.de\/fr\/wp-json\/wp\/v2\/product_cat?post=3245"},{"taxonomy":"product_tag","embeddable":true,"href":"https:\/\/www.erwinsmuehlenbrauerei.de\/fr\/wp-json\/wp\/v2\/product_tag?post=3245"}],"curies":[{"name":"wp","href":"https:\/\/api.w.org\/{rel}","templated":true}]}}