{"id":3243,"date":"2023-10-18T12:37:15","date_gmt":"2023-10-18T10:37:15","guid":{"rendered":"https:\/\/www.erwinsmuehlenbrauerei.de\/produkt\/forfait-degustation-de-liqueurs\/"},"modified":"2023-10-18T12:37:15","modified_gmt":"2023-10-18T10:37:15","slug":"forfait-degustation-de-liqueurs","status":"publish","type":"product","link":"https:\/\/www.erwinsmuehlenbrauerei.de\/fr\/produkt\/forfait-degustation-de-liqueurs\/","title":{"rendered":"Forfait d\u00e9gustation de liqueurs"},"content":{"rendered":"<h3><strong>Notre paquet de d\u00e9gustation de liqueurs &#8211; pour que vous puissiez d\u00e9couvrir &#8220;trois&#8221; de nos liqueurs particuli\u00e8rement rapidement !<\/strong><strong> <\/strong><\/h3>\n<p>Vous avez maintenant lu ce que les liqueurs de notre distillerie M\u00fchlen ont dans le ventre. Mais vous avez du mal \u00e0 choisir une vari\u00e9t\u00e9. Toutes les vari\u00e9t\u00e9s vous donneraient envie de les go\u00fbter !<\/p>\n<h3><strong>Liqueurs en coffret triple &#8211; petites mais d\u00e9licieuses !<\/strong><\/h3>\n<p>Alors nous avons quelque chose pour vous ! Commandez donc notre coffret d\u00e9gustation de liqueurs. Vous y trouverez trois de nos liqueurs (<a href=\"https:\/\/www.erwinsmuehlenbrauerei.de\/fr\/produkt\/liqueur-de-peche-peche-de-vigne\/\"><br \/>\n  <u>Liqueur de p\u00eache &#8211; p\u00eache de vigne<\/u><br \/>\n<\/a>, <a href=\"https:\/\/www.erwinsmuehlenbrauerei.de\/fr\/produkt\/liqueur-de-prunelle\/\"><br \/>\n  <u>Liqueur de prunelle<\/u><br \/>\n<\/a>, <a href=\"https:\/\/www.erwinsmuehlenbrauerei.de\/fr\/produkt\/liqueur-aux-herbes-plansifter\/\"><br \/>\n  <u>Liqueur de Plansichter aux herbes<\/u><br \/>\n<\/a>) de notre distillerie, conditionn\u00e9es dans les petits flacons de d\u00e9gustation d&#8217;une contenance de 0,04 litre. Alors, bonne d\u00e9gustation et surtout bon app\u00e9tit !<\/p>\n<p><strong>Nos plus petites liqueurs maison de 0,04 l en emballage d&#8217;essai !<\/strong><\/p>\n<ul>\n<li>1x 0,04l de <a href=\"https:\/\/www.erwinsmuehlenbrauerei.de\/fr\/produkt\/liqueur-de-peche-peche-de-vigne\/\">liqueur de p\u00eache p\u00eache de vigne<\/a> <\/li>\n<li>1x 0,04l de liqueur d&#8217; <a href=\"https:\/\/www.erwinsmuehlenbrauerei.de\/fr\/produkt\/liqueur-aux-herbes-plansifter\/\">herbes<\/a> Plansifter <\/li>\n<li>1x <a href=\"https:\/\/www.erwinsmuehlenbrauerei.de\/fr\/produkt\/liqueur-de-prunelle\/\">0,04l liqueur<\/a> de prunelle <\/li>\n<\/ul>\n","protected":false},"excerpt":{"rendered":"<p>Notre paquet de d\u00e9gustation de liqueurs &#8211; pour que vous puissiez d\u00e9couvrir &#8220;trois&#8221; de nos liqueurs particuli\u00e8rement rapidement ! Vous avez maintenant lu ce que les liqueurs de notre distillerie M\u00fchlen ont dans le ventre. Mais vous avez du mal \u00e0 choisir une vari\u00e9t\u00e9. Toutes les vari\u00e9t\u00e9s vous donneraient envie de les go\u00fbter ! Liqueurs&hellip;&nbsp;<a href=\"https:\/\/www.erwinsmuehlenbrauerei.de\/fr\/produkt\/forfait-degustation-de-liqueurs\/\" rel=\"bookmark\">Read More &raquo;<span class=\"screen-reader-text\">Forfait d\u00e9gustation de liqueurs<\/span><\/a><\/p>\n","protected":false},"featured_media":2662,"template":"","meta":{"_acf_changed":false,"neve_meta_sidebar":"","neve_meta_container":"","neve_meta_enable_content_width":"off","neve_meta_content_width":100,"neve_meta_title_alignment":"","neve_meta_author_avatar":"","neve_post_elements_order":"","neve_meta_disable_header":"","neve_meta_disable_footer":"","neve_meta_disable_title":"","neve_meta_reading_time":""},"product_brand":[],"product_cat":[145,149],"product_tag":[],"class_list":{"0":"post-3243","1":"product","2":"type-product","3":"status-publish","4":"has-post-thumbnail","6":"product_cat-liqueur-fr","7":"product_cat-sale-fr","8":"product_shipping_class-livraison-gratuite","10":"first","11":"instock","12":"sale","13":"featured","14":"taxable","15":"shipping-taxable","16":"purchasable","17":"product-type-simple"},"acf":[],"yoast_head":"<!-- This site is optimized with the Yoast SEO plugin v27.4 - https:\/\/yoast.com\/product\/yoast-seo-wordpress\/ -->\n<title>Forfait d\u00e9gustation de liqueurs - Erwins M\u00fchlenbrauerei mit Brauhaus Restaurant<\/title>\n<meta name=\"description\" content=\"Vous avez maintenant lu ce que les liqueurs de notre distillerie M\u00fchlen ont dans le ventre. Toutes les vari\u00e9t\u00e9s sont disponibles dans le coffret de d\u00e9gustation de liqueurs !\" \/>\n<meta name=\"robots\" content=\"index, follow, max-snippet:-1, max-image-preview:large, max-video-preview:-1\" \/>\n<link rel=\"canonical\" href=\"https:\/\/www.erwinsmuehlenbrauerei.de\/fr\/produkt\/forfait-degustation-de-liqueurs\/\" \/>\n<meta property=\"og:locale\" content=\"fr_FR\" \/>\n<meta property=\"og:type\" content=\"article\" \/>\n<meta property=\"og:title\" content=\"Forfait d\u00e9gustation de liqueurs - Erwins M\u00fchlenbrauerei mit Brauhaus Restaurant\" \/>\n<meta property=\"og:description\" content=\"Vous avez maintenant lu ce que les liqueurs de notre distillerie M\u00fchlen ont dans le ventre. Toutes les vari\u00e9t\u00e9s sont disponibles dans le coffret de d\u00e9gustation de liqueurs !\" \/>\n<meta property=\"og:url\" content=\"https:\/\/www.erwinsmuehlenbrauerei.de\/fr\/produkt\/forfait-degustation-de-liqueurs\/\" \/>\n<meta property=\"og:site_name\" content=\"Erwins M\u00fchlenbrauerei mit Brauhaus Restaurant\" \/>\n<meta property=\"og:image\" content=\"https:\/\/www.erwinsmuehlenbrauerei.de\/wp-content\/uploads\/Likoere-Probierbpaket.png\" \/>\n\t<meta property=\"og:image:width\" content=\"1400\" \/>\n\t<meta property=\"og:image:height\" content=\"2100\" \/>\n\t<meta property=\"og:image:type\" content=\"image\/png\" \/>\n<meta name=\"twitter:card\" content=\"summary_large_image\" \/>\n<meta name=\"twitter:label1\" content=\"Dur\u00e9e de lecture estim\u00e9e\" \/>\n\t<meta name=\"twitter:data1\" content=\"1 minute\" \/>\n<script type=\"application\/ld+json\" class=\"yoast-schema-graph\">{\"@context\":\"https:\\\/\\\/schema.org\",\"@graph\":[{\"@type\":\"WebPage\",\"@id\":\"https:\\\/\\\/www.erwinsmuehlenbrauerei.de\\\/fr\\\/produkt\\\/forfait-degustation-de-liqueurs\\\/\",\"url\":\"https:\\\/\\\/www.erwinsmuehlenbrauerei.de\\\/fr\\\/produkt\\\/forfait-degustation-de-liqueurs\\\/\",\"name\":\"Forfait d\u00e9gustation de liqueurs - Erwins M\u00fchlenbrauerei mit Brauhaus Restaurant\",\"isPartOf\":{\"@id\":\"https:\\\/\\\/www.erwinsmuehlenbrauerei.de\\\/fr\\\/#website\"},\"primaryImageOfPage\":{\"@id\":\"https:\\\/\\\/www.erwinsmuehlenbrauerei.de\\\/fr\\\/produkt\\\/forfait-degustation-de-liqueurs\\\/#primaryimage\"},\"image\":{\"@id\":\"https:\\\/\\\/www.erwinsmuehlenbrauerei.de\\\/fr\\\/produkt\\\/forfait-degustation-de-liqueurs\\\/#primaryimage\"},\"thumbnailUrl\":\"https:\\\/\\\/www.erwinsmuehlenbrauerei.de\\\/wp-content\\\/uploads\\\/Likoere-Probierbpaket.png\",\"datePublished\":\"2023-10-18T10:37:15+00:00\",\"description\":\"Vous avez maintenant lu ce que les liqueurs de notre distillerie M\u00fchlen ont dans le ventre. Toutes les vari\u00e9t\u00e9s sont disponibles dans le coffret de d\u00e9gustation de liqueurs !\",\"breadcrumb\":{\"@id\":\"https:\\\/\\\/www.erwinsmuehlenbrauerei.de\\\/fr\\\/produkt\\\/forfait-degustation-de-liqueurs\\\/#breadcrumb\"},\"inLanguage\":\"fr-FR\",\"potentialAction\":[{\"@type\":\"ReadAction\",\"target\":[\"https:\\\/\\\/www.erwinsmuehlenbrauerei.de\\\/fr\\\/produkt\\\/forfait-degustation-de-liqueurs\\\/\"]}]},{\"@type\":\"ImageObject\",\"inLanguage\":\"fr-FR\",\"@id\":\"https:\\\/\\\/www.erwinsmuehlenbrauerei.de\\\/fr\\\/produkt\\\/forfait-degustation-de-liqueurs\\\/#primaryimage\",\"url\":\"https:\\\/\\\/www.erwinsmuehlenbrauerei.de\\\/wp-content\\\/uploads\\\/Likoere-Probierbpaket.png\",\"contentUrl\":\"https:\\\/\\\/www.erwinsmuehlenbrauerei.de\\\/wp-content\\\/uploads\\\/Likoere-Probierbpaket.png\",\"width\":1400,\"height\":2100},{\"@type\":\"BreadcrumbList\",\"@id\":\"https:\\\/\\\/www.erwinsmuehlenbrauerei.de\\\/fr\\\/produkt\\\/forfait-degustation-de-liqueurs\\\/#breadcrumb\",\"itemListElement\":[{\"@type\":\"ListItem\",\"position\":1,\"name\":\"Startseite\",\"item\":\"https:\\\/\\\/www.erwinsmuehlenbrauerei.de\\\/fr\\\/\"},{\"@type\":\"ListItem\",\"position\":2,\"name\":\"Boutique\",\"item\":\"https:\\\/\\\/www.erwinsmuehlenbrauerei.de\\\/fr\\\/boutique\\\/\"},{\"@type\":\"ListItem\",\"position\":3,\"name\":\"Forfait d\u00e9gustation de liqueurs\"}]},{\"@type\":\"WebSite\",\"@id\":\"https:\\\/\\\/www.erwinsmuehlenbrauerei.de\\\/fr\\\/#website\",\"url\":\"https:\\\/\\\/www.erwinsmuehlenbrauerei.de\\\/fr\\\/\",\"name\":\"Erwins M\u00fchlenbrauerei mit Brauhaus Restaurant\",\"description\":\"\",\"publisher\":{\"@id\":\"https:\\\/\\\/www.erwinsmuehlenbrauerei.de\\\/fr\\\/#organization\"},\"potentialAction\":[{\"@type\":\"SearchAction\",\"target\":{\"@type\":\"EntryPoint\",\"urlTemplate\":\"https:\\\/\\\/www.erwinsmuehlenbrauerei.de\\\/fr\\\/?s={search_term_string}\"},\"query-input\":{\"@type\":\"PropertyValueSpecification\",\"valueRequired\":true,\"valueName\":\"search_term_string\"}}],\"inLanguage\":\"fr-FR\"},{\"@type\":\"Organization\",\"@id\":\"https:\\\/\\\/www.erwinsmuehlenbrauerei.de\\\/fr\\\/#organization\",\"name\":\"Erwins M\u00fchlenbrauerei mit Brauhaus Restaurant\",\"url\":\"https:\\\/\\\/www.erwinsmuehlenbrauerei.de\\\/fr\\\/\",\"logo\":{\"@type\":\"ImageObject\",\"inLanguage\":\"fr-FR\",\"@id\":\"https:\\\/\\\/www.erwinsmuehlenbrauerei.de\\\/fr\\\/#\\\/schema\\\/logo\\\/image\\\/\",\"url\":\"https:\\\/\\\/www.erwinsmuehlenbrauerei.de\\\/wp-content\\\/uploads\\\/2023\\\/05\\\/erwinsmuehlenbrauerei-logo-upscaled.png\",\"contentUrl\":\"https:\\\/\\\/www.erwinsmuehlenbrauerei.de\\\/wp-content\\\/uploads\\\/2023\\\/05\\\/erwinsmuehlenbrauerei-logo-upscaled.png\",\"width\":677,\"height\":554,\"caption\":\"Erwins M\u00fchlenbrauerei mit Brauhaus Restaurant\"},\"image\":{\"@id\":\"https:\\\/\\\/www.erwinsmuehlenbrauerei.de\\\/fr\\\/#\\\/schema\\\/logo\\\/image\\\/\"}}]}<\/script>\n<!-- \/ Yoast SEO plugin. -->","yoast_head_json":{"title":"Forfait d\u00e9gustation de liqueurs - Erwins M\u00fchlenbrauerei mit Brauhaus Restaurant","description":"Vous avez maintenant lu ce que les liqueurs de notre distillerie M\u00fchlen ont dans le ventre. Toutes les vari\u00e9t\u00e9s sont disponibles dans le coffret de d\u00e9gustation de liqueurs !","robots":{"index":"index","follow":"follow","max-snippet":"max-snippet:-1","max-image-preview":"max-image-preview:large","max-video-preview":"max-video-preview:-1"},"canonical":"https:\/\/www.erwinsmuehlenbrauerei.de\/fr\/produkt\/forfait-degustation-de-liqueurs\/","og_locale":"fr_FR","og_type":"article","og_title":"Forfait d\u00e9gustation de liqueurs - Erwins M\u00fchlenbrauerei mit Brauhaus Restaurant","og_description":"Vous avez maintenant lu ce que les liqueurs de notre distillerie M\u00fchlen ont dans le ventre. Toutes les vari\u00e9t\u00e9s sont disponibles dans le coffret de d\u00e9gustation de liqueurs !","og_url":"https:\/\/www.erwinsmuehlenbrauerei.de\/fr\/produkt\/forfait-degustation-de-liqueurs\/","og_site_name":"Erwins M\u00fchlenbrauerei mit Brauhaus Restaurant","og_image":[{"width":1400,"height":2100,"url":"https:\/\/www.erwinsmuehlenbrauerei.de\/wp-content\/uploads\/Likoere-Probierbpaket.png","type":"image\/png"}],"twitter_card":"summary_large_image","twitter_misc":{"Dur\u00e9e de lecture estim\u00e9e":"1 minute"},"schema":{"@context":"https:\/\/schema.org","@graph":[{"@type":"WebPage","@id":"https:\/\/www.erwinsmuehlenbrauerei.de\/fr\/produkt\/forfait-degustation-de-liqueurs\/","url":"https:\/\/www.erwinsmuehlenbrauerei.de\/fr\/produkt\/forfait-degustation-de-liqueurs\/","name":"Forfait d\u00e9gustation de liqueurs - Erwins M\u00fchlenbrauerei mit Brauhaus Restaurant","isPartOf":{"@id":"https:\/\/www.erwinsmuehlenbrauerei.de\/fr\/#website"},"primaryImageOfPage":{"@id":"https:\/\/www.erwinsmuehlenbrauerei.de\/fr\/produkt\/forfait-degustation-de-liqueurs\/#primaryimage"},"image":{"@id":"https:\/\/www.erwinsmuehlenbrauerei.de\/fr\/produkt\/forfait-degustation-de-liqueurs\/#primaryimage"},"thumbnailUrl":"https:\/\/www.erwinsmuehlenbrauerei.de\/wp-content\/uploads\/Likoere-Probierbpaket.png","datePublished":"2023-10-18T10:37:15+00:00","description":"Vous avez maintenant lu ce que les liqueurs de notre distillerie M\u00fchlen ont dans le ventre. Toutes les vari\u00e9t\u00e9s sont disponibles dans le coffret de d\u00e9gustation de liqueurs !","breadcrumb":{"@id":"https:\/\/www.erwinsmuehlenbrauerei.de\/fr\/produkt\/forfait-degustation-de-liqueurs\/#breadcrumb"},"inLanguage":"fr-FR","potentialAction":[{"@type":"ReadAction","target":["https:\/\/www.erwinsmuehlenbrauerei.de\/fr\/produkt\/forfait-degustation-de-liqueurs\/"]}]},{"@type":"ImageObject","inLanguage":"fr-FR","@id":"https:\/\/www.erwinsmuehlenbrauerei.de\/fr\/produkt\/forfait-degustation-de-liqueurs\/#primaryimage","url":"https:\/\/www.erwinsmuehlenbrauerei.de\/wp-content\/uploads\/Likoere-Probierbpaket.png","contentUrl":"https:\/\/www.erwinsmuehlenbrauerei.de\/wp-content\/uploads\/Likoere-Probierbpaket.png","width":1400,"height":2100},{"@type":"BreadcrumbList","@id":"https:\/\/www.erwinsmuehlenbrauerei.de\/fr\/produkt\/forfait-degustation-de-liqueurs\/#breadcrumb","itemListElement":[{"@type":"ListItem","position":1,"name":"Startseite","item":"https:\/\/www.erwinsmuehlenbrauerei.de\/fr\/"},{"@type":"ListItem","position":2,"name":"Boutique","item":"https:\/\/www.erwinsmuehlenbrauerei.de\/fr\/boutique\/"},{"@type":"ListItem","position":3,"name":"Forfait d\u00e9gustation de liqueurs"}]},{"@type":"WebSite","@id":"https:\/\/www.erwinsmuehlenbrauerei.de\/fr\/#website","url":"https:\/\/www.erwinsmuehlenbrauerei.de\/fr\/","name":"Erwins M\u00fchlenbrauerei mit Brauhaus Restaurant","description":"","publisher":{"@id":"https:\/\/www.erwinsmuehlenbrauerei.de\/fr\/#organization"},"potentialAction":[{"@type":"SearchAction","target":{"@type":"EntryPoint","urlTemplate":"https:\/\/www.erwinsmuehlenbrauerei.de\/fr\/?s={search_term_string}"},"query-input":{"@type":"PropertyValueSpecification","valueRequired":true,"valueName":"search_term_string"}}],"inLanguage":"fr-FR"},{"@type":"Organization","@id":"https:\/\/www.erwinsmuehlenbrauerei.de\/fr\/#organization","name":"Erwins M\u00fchlenbrauerei mit Brauhaus Restaurant","url":"https:\/\/www.erwinsmuehlenbrauerei.de\/fr\/","logo":{"@type":"ImageObject","inLanguage":"fr-FR","@id":"https:\/\/www.erwinsmuehlenbrauerei.de\/fr\/#\/schema\/logo\/image\/","url":"https:\/\/www.erwinsmuehlenbrauerei.de\/wp-content\/uploads\/2023\/05\/erwinsmuehlenbrauerei-logo-upscaled.png","contentUrl":"https:\/\/www.erwinsmuehlenbrauerei.de\/wp-content\/uploads\/2023\/05\/erwinsmuehlenbrauerei-logo-upscaled.png","width":677,"height":554,"caption":"Erwins M\u00fchlenbrauerei mit Brauhaus Restaurant"},"image":{"@id":"https:\/\/www.erwinsmuehlenbrauerei.de\/fr\/#\/schema\/logo\/image\/"}}]}},"_links":{"self":[{"href":"https:\/\/www.erwinsmuehlenbrauerei.de\/fr\/wp-json\/wp\/v2\/product\/3243","targetHints":{"allow":["GET"]}}],"collection":[{"href":"https:\/\/www.erwinsmuehlenbrauerei.de\/fr\/wp-json\/wp\/v2\/product"}],"about":[{"href":"https:\/\/www.erwinsmuehlenbrauerei.de\/fr\/wp-json\/wp\/v2\/types\/product"}],"wp:featuredmedia":[{"embeddable":true,"href":"https:\/\/www.erwinsmuehlenbrauerei.de\/fr\/wp-json\/wp\/v2\/media\/2662"}],"wp:attachment":[{"href":"https:\/\/www.erwinsmuehlenbrauerei.de\/fr\/wp-json\/wp\/v2\/media?parent=3243"}],"wp:term":[{"taxonomy":"product_brand","embeddable":true,"href":"https:\/\/www.erwinsmuehlenbrauerei.de\/fr\/wp-json\/wp\/v2\/product_brand?post=3243"},{"taxonomy":"product_cat","embeddable":true,"href":"https:\/\/www.erwinsmuehlenbrauerei.de\/fr\/wp-json\/wp\/v2\/product_cat?post=3243"},{"taxonomy":"product_tag","embeddable":true,"href":"https:\/\/www.erwinsmuehlenbrauerei.de\/fr\/wp-json\/wp\/v2\/product_tag?post=3243"}],"curies":[{"name":"wp","href":"https:\/\/api.w.org\/{rel}","templated":true}]}}