{"id":3230,"date":"2023-10-18T12:37:14","date_gmt":"2023-10-18T10:37:14","guid":{"rendered":"https:\/\/www.erwinsmuehlenbrauerei.de\/produkt\/moutarde-douce-moutarde-au-miel-historique\/"},"modified":"2023-10-18T12:37:14","modified_gmt":"2023-10-18T10:37:14","slug":"moutarde-douce-moutarde-au-miel-historique","status":"publish","type":"product","link":"https:\/\/www.erwinsmuehlenbrauerei.de\/fr\/produkt\/moutarde-douce-moutarde-au-miel-historique\/","title":{"rendered":"Moutarde douce &#8211; moutarde au miel historique"},"content":{"rendered":"<h3><strong>La moutarde au miel &#8211; notre &#8220;douceur&#8221; de l&#8217;Eifel !<\/strong><\/h3>\n<p>La combinaison du miel cr\u00e9meux et de la moutarde historique se fond en un d\u00e9lice d\u00e9licat ! La douceur et le piquant se fondent ainsi en un duo parfait qui conf\u00e8re \u00e0 la moutarde au miel son d\u00e9licieux go\u00fbt sucr\u00e9.<\/p>\n<h3><strong>Comment la moutarde au miel est-elle produite ?<\/strong><\/h3>\n<p>Notre moutarde historique sert \u00e9galement de base et de fondement \u00e0 la moutarde au miel. On lui ajoute du miel noble, jusqu&#8217;\u00e0 une proportion de 30 % de miel. La moutarde au miel, comme toutes les autres variantes de moutarde, est fabriqu\u00e9e par le chef meunier Erwin selon des recettes qu&#8217;il a lui-m\u00eame \u00e9labor\u00e9es ou qui sont anciennes.<\/p>\n<h3><strong>Avec quoi notre moutarde au miel se marie-t-elle le mieux ?<\/strong><\/h3>\n<p>Notre moutarde au miel est la plus \u00e0 l&#8217;aise et la plus savoureuse &#8220;\u00e0 proximit\u00e9&#8221; de la volaille, de la viande et aussi du poisson. En tant que vinaigrette \u00e0 la moutarde et au miel, elle transforme chaque salade verte, paprika, ma\u00efs et cie en un d\u00e9lice. Qu&#8217;elle soit servie comme simple dip ou comme sauce \u00e0 la moutarde pour les sandwichs et les wraps, la moutarde au miel en fait toujours le meilleur en termes de go\u00fbt. Les plats de raclette et de fondue des jours de f\u00eate se r\u00e9jouissent \u00e9galement de son enrichissement gustatif.<\/p>\n<p><strong>Encore un conseil pour le stockage !<\/strong><\/p>\n<p>Apr\u00e8s ouverture, veillez \u00e0 conserver la moutarde dans un endroit aussi frais et sombre que possible. En effet, il conserve ainsi son go\u00fbt parfait et son piquant d\u00e9licieusement frais pendant une p\u00e9riode prolong\u00e9e !<\/p>\n","protected":false},"excerpt":{"rendered":"<p>\u2022 raffin\u00e9 avec du miel cr\u00e9meux<\/p>\n<p>\u2022 Excellente moutarde pour les salades<\/p>\n<p>\u2022 Id\u00e9al pour les vinaigrettes \u00e0 la moutarde et au miel<\/p>\n","protected":false},"featured_media":2644,"template":"","meta":{"_acf_changed":false,"neve_meta_sidebar":"","neve_meta_container":"","neve_meta_enable_content_width":"off","neve_meta_content_width":100,"neve_meta_title_alignment":"","neve_meta_author_avatar":"","neve_post_elements_order":"","neve_meta_disable_header":"","neve_meta_disable_footer":"","neve_meta_disable_title":"","neve_meta_reading_time":""},"product_brand":[],"product_cat":[151],"product_tag":[],"class_list":{"0":"post-3230","1":"product","2":"type-product","3":"status-publish","4":"has-post-thumbnail","6":"product_cat-moutarde","7":"product_shipping_class-expedition-assuree","9":"first","10":"instock","11":"taxable","12":"shipping-taxable","13":"purchasable","14":"product-type-variable","15":"has-default-attributes"},"acf":[],"yoast_head":"<!-- This site is optimized with the Yoast SEO plugin v27.5 - https:\/\/yoast.com\/product\/yoast-seo-wordpress\/ -->\n<title>Moutarde douce - moutarde au miel historique - Erwins M\u00fchlenbrauerei mit Brauhaus Restaurant<\/title>\n<meta name=\"description\" content=\"Notre moutarde historique sert \u00e9galement de base et de fondement \u00e0 la moutarde au miel. On lui ajoute du miel noble, jusqu&#039;\u00e0 une proportion de 30 % de miel.\" \/>\n<meta name=\"robots\" content=\"index, follow, max-snippet:-1, max-image-preview:large, max-video-preview:-1\" \/>\n<link rel=\"canonical\" href=\"https:\/\/www.erwinsmuehlenbrauerei.de\/fr\/produkt\/moutarde-douce-moutarde-au-miel-historique\/\" \/>\n<meta property=\"og:locale\" content=\"fr_FR\" \/>\n<meta property=\"og:type\" content=\"article\" \/>\n<meta property=\"og:title\" content=\"Moutarde douce - moutarde au miel historique - Erwins M\u00fchlenbrauerei mit Brauhaus Restaurant\" \/>\n<meta property=\"og:description\" content=\"Notre moutarde historique sert \u00e9galement de base et de fondement \u00e0 la moutarde au miel. On lui ajoute du miel noble, jusqu&#039;\u00e0 une proportion de 30 % de miel.\" \/>\n<meta property=\"og:url\" content=\"https:\/\/www.erwinsmuehlenbrauerei.de\/fr\/produkt\/moutarde-douce-moutarde-au-miel-historique\/\" \/>\n<meta property=\"og:site_name\" content=\"Erwins M\u00fchlenbrauerei mit Brauhaus Restaurant\" \/>\n<meta property=\"og:image\" content=\"https:\/\/www.erwinsmuehlenbrauerei.de\/wp-content\/uploads\/Honig-Senf-200ml.png\" \/>\n\t<meta property=\"og:image:width\" content=\"1400\" \/>\n\t<meta property=\"og:image:height\" content=\"2101\" \/>\n\t<meta property=\"og:image:type\" content=\"image\/png\" \/>\n<meta name=\"twitter:card\" content=\"summary_large_image\" \/>\n<meta name=\"twitter:label1\" content=\"Dur\u00e9e de lecture estim\u00e9e\" \/>\n\t<meta name=\"twitter:data1\" content=\"1 minute\" \/>\n<script type=\"application\/ld+json\" class=\"yoast-schema-graph\">{\"@context\":\"https:\\\/\\\/schema.org\",\"@graph\":[{\"@type\":\"WebPage\",\"@id\":\"https:\\\/\\\/www.erwinsmuehlenbrauerei.de\\\/fr\\\/produkt\\\/moutarde-douce-moutarde-au-miel-historique\\\/\",\"url\":\"https:\\\/\\\/www.erwinsmuehlenbrauerei.de\\\/fr\\\/produkt\\\/moutarde-douce-moutarde-au-miel-historique\\\/\",\"name\":\"Moutarde douce - moutarde au miel historique - Erwins M\u00fchlenbrauerei mit Brauhaus Restaurant\",\"isPartOf\":{\"@id\":\"https:\\\/\\\/www.erwinsmuehlenbrauerei.de\\\/fr\\\/#website\"},\"primaryImageOfPage\":{\"@id\":\"https:\\\/\\\/www.erwinsmuehlenbrauerei.de\\\/fr\\\/produkt\\\/moutarde-douce-moutarde-au-miel-historique\\\/#primaryimage\"},\"image\":{\"@id\":\"https:\\\/\\\/www.erwinsmuehlenbrauerei.de\\\/fr\\\/produkt\\\/moutarde-douce-moutarde-au-miel-historique\\\/#primaryimage\"},\"thumbnailUrl\":\"https:\\\/\\\/www.erwinsmuehlenbrauerei.de\\\/wp-content\\\/uploads\\\/Honig-Senf-200ml.png\",\"datePublished\":\"2023-10-18T10:37:14+00:00\",\"description\":\"Notre moutarde historique sert \u00e9galement de base et de fondement \u00e0 la moutarde au miel. On lui ajoute du miel noble, jusqu'\u00e0 une proportion de 30 % de miel.\",\"breadcrumb\":{\"@id\":\"https:\\\/\\\/www.erwinsmuehlenbrauerei.de\\\/fr\\\/produkt\\\/moutarde-douce-moutarde-au-miel-historique\\\/#breadcrumb\"},\"inLanguage\":\"fr-FR\",\"potentialAction\":[{\"@type\":\"ReadAction\",\"target\":[\"https:\\\/\\\/www.erwinsmuehlenbrauerei.de\\\/fr\\\/produkt\\\/moutarde-douce-moutarde-au-miel-historique\\\/\"]}]},{\"@type\":\"ImageObject\",\"inLanguage\":\"fr-FR\",\"@id\":\"https:\\\/\\\/www.erwinsmuehlenbrauerei.de\\\/fr\\\/produkt\\\/moutarde-douce-moutarde-au-miel-historique\\\/#primaryimage\",\"url\":\"https:\\\/\\\/www.erwinsmuehlenbrauerei.de\\\/wp-content\\\/uploads\\\/Honig-Senf-200ml.png\",\"contentUrl\":\"https:\\\/\\\/www.erwinsmuehlenbrauerei.de\\\/wp-content\\\/uploads\\\/Honig-Senf-200ml.png\",\"width\":1400,\"height\":2101},{\"@type\":\"BreadcrumbList\",\"@id\":\"https:\\\/\\\/www.erwinsmuehlenbrauerei.de\\\/fr\\\/produkt\\\/moutarde-douce-moutarde-au-miel-historique\\\/#breadcrumb\",\"itemListElement\":[{\"@type\":\"ListItem\",\"position\":1,\"name\":\"Startseite\",\"item\":\"https:\\\/\\\/www.erwinsmuehlenbrauerei.de\\\/fr\\\/\"},{\"@type\":\"ListItem\",\"position\":2,\"name\":\"Boutique\",\"item\":\"https:\\\/\\\/www.erwinsmuehlenbrauerei.de\\\/fr\\\/boutique\\\/\"},{\"@type\":\"ListItem\",\"position\":3,\"name\":\"Moutarde douce &#8211; moutarde au miel historique\"}]},{\"@type\":\"WebSite\",\"@id\":\"https:\\\/\\\/www.erwinsmuehlenbrauerei.de\\\/fr\\\/#website\",\"url\":\"https:\\\/\\\/www.erwinsmuehlenbrauerei.de\\\/fr\\\/\",\"name\":\"Erwins M\u00fchlenbrauerei mit Brauhaus Restaurant\",\"description\":\"\",\"publisher\":{\"@id\":\"https:\\\/\\\/www.erwinsmuehlenbrauerei.de\\\/fr\\\/#organization\"},\"potentialAction\":[{\"@type\":\"SearchAction\",\"target\":{\"@type\":\"EntryPoint\",\"urlTemplate\":\"https:\\\/\\\/www.erwinsmuehlenbrauerei.de\\\/fr\\\/?s={search_term_string}\"},\"query-input\":{\"@type\":\"PropertyValueSpecification\",\"valueRequired\":true,\"valueName\":\"search_term_string\"}}],\"inLanguage\":\"fr-FR\"},{\"@type\":\"Organization\",\"@id\":\"https:\\\/\\\/www.erwinsmuehlenbrauerei.de\\\/fr\\\/#organization\",\"name\":\"Erwins M\u00fchlenbrauerei mit Brauhaus Restaurant\",\"url\":\"https:\\\/\\\/www.erwinsmuehlenbrauerei.de\\\/fr\\\/\",\"logo\":{\"@type\":\"ImageObject\",\"inLanguage\":\"fr-FR\",\"@id\":\"https:\\\/\\\/www.erwinsmuehlenbrauerei.de\\\/fr\\\/#\\\/schema\\\/logo\\\/image\\\/\",\"url\":\"https:\\\/\\\/www.erwinsmuehlenbrauerei.de\\\/wp-content\\\/uploads\\\/2023\\\/05\\\/erwinsmuehlenbrauerei-logo-upscaled.png\",\"contentUrl\":\"https:\\\/\\\/www.erwinsmuehlenbrauerei.de\\\/wp-content\\\/uploads\\\/2023\\\/05\\\/erwinsmuehlenbrauerei-logo-upscaled.png\",\"width\":677,\"height\":554,\"caption\":\"Erwins M\u00fchlenbrauerei mit Brauhaus Restaurant\"},\"image\":{\"@id\":\"https:\\\/\\\/www.erwinsmuehlenbrauerei.de\\\/fr\\\/#\\\/schema\\\/logo\\\/image\\\/\"}}]}<\/script>\n<!-- \/ Yoast SEO plugin. -->","yoast_head_json":{"title":"Moutarde douce - moutarde au miel historique - Erwins M\u00fchlenbrauerei mit Brauhaus Restaurant","description":"Notre moutarde historique sert \u00e9galement de base et de fondement \u00e0 la moutarde au miel. On lui ajoute du miel noble, jusqu'\u00e0 une proportion de 30 % de miel.","robots":{"index":"index","follow":"follow","max-snippet":"max-snippet:-1","max-image-preview":"max-image-preview:large","max-video-preview":"max-video-preview:-1"},"canonical":"https:\/\/www.erwinsmuehlenbrauerei.de\/fr\/produkt\/moutarde-douce-moutarde-au-miel-historique\/","og_locale":"fr_FR","og_type":"article","og_title":"Moutarde douce - moutarde au miel historique - Erwins M\u00fchlenbrauerei mit Brauhaus Restaurant","og_description":"Notre moutarde historique sert \u00e9galement de base et de fondement \u00e0 la moutarde au miel. On lui ajoute du miel noble, jusqu'\u00e0 une proportion de 30 % de miel.","og_url":"https:\/\/www.erwinsmuehlenbrauerei.de\/fr\/produkt\/moutarde-douce-moutarde-au-miel-historique\/","og_site_name":"Erwins M\u00fchlenbrauerei mit Brauhaus Restaurant","og_image":[{"width":1400,"height":2101,"url":"https:\/\/www.erwinsmuehlenbrauerei.de\/wp-content\/uploads\/Honig-Senf-200ml.png","type":"image\/png"}],"twitter_card":"summary_large_image","twitter_misc":{"Dur\u00e9e de lecture estim\u00e9e":"1 minute"},"schema":{"@context":"https:\/\/schema.org","@graph":[{"@type":"WebPage","@id":"https:\/\/www.erwinsmuehlenbrauerei.de\/fr\/produkt\/moutarde-douce-moutarde-au-miel-historique\/","url":"https:\/\/www.erwinsmuehlenbrauerei.de\/fr\/produkt\/moutarde-douce-moutarde-au-miel-historique\/","name":"Moutarde douce - moutarde au miel historique - Erwins M\u00fchlenbrauerei mit Brauhaus Restaurant","isPartOf":{"@id":"https:\/\/www.erwinsmuehlenbrauerei.de\/fr\/#website"},"primaryImageOfPage":{"@id":"https:\/\/www.erwinsmuehlenbrauerei.de\/fr\/produkt\/moutarde-douce-moutarde-au-miel-historique\/#primaryimage"},"image":{"@id":"https:\/\/www.erwinsmuehlenbrauerei.de\/fr\/produkt\/moutarde-douce-moutarde-au-miel-historique\/#primaryimage"},"thumbnailUrl":"https:\/\/www.erwinsmuehlenbrauerei.de\/wp-content\/uploads\/Honig-Senf-200ml.png","datePublished":"2023-10-18T10:37:14+00:00","description":"Notre moutarde historique sert \u00e9galement de base et de fondement \u00e0 la moutarde au miel. On lui ajoute du miel noble, jusqu'\u00e0 une proportion de 30 % de miel.","breadcrumb":{"@id":"https:\/\/www.erwinsmuehlenbrauerei.de\/fr\/produkt\/moutarde-douce-moutarde-au-miel-historique\/#breadcrumb"},"inLanguage":"fr-FR","potentialAction":[{"@type":"ReadAction","target":["https:\/\/www.erwinsmuehlenbrauerei.de\/fr\/produkt\/moutarde-douce-moutarde-au-miel-historique\/"]}]},{"@type":"ImageObject","inLanguage":"fr-FR","@id":"https:\/\/www.erwinsmuehlenbrauerei.de\/fr\/produkt\/moutarde-douce-moutarde-au-miel-historique\/#primaryimage","url":"https:\/\/www.erwinsmuehlenbrauerei.de\/wp-content\/uploads\/Honig-Senf-200ml.png","contentUrl":"https:\/\/www.erwinsmuehlenbrauerei.de\/wp-content\/uploads\/Honig-Senf-200ml.png","width":1400,"height":2101},{"@type":"BreadcrumbList","@id":"https:\/\/www.erwinsmuehlenbrauerei.de\/fr\/produkt\/moutarde-douce-moutarde-au-miel-historique\/#breadcrumb","itemListElement":[{"@type":"ListItem","position":1,"name":"Startseite","item":"https:\/\/www.erwinsmuehlenbrauerei.de\/fr\/"},{"@type":"ListItem","position":2,"name":"Boutique","item":"https:\/\/www.erwinsmuehlenbrauerei.de\/fr\/boutique\/"},{"@type":"ListItem","position":3,"name":"Moutarde douce &#8211; moutarde au miel historique"}]},{"@type":"WebSite","@id":"https:\/\/www.erwinsmuehlenbrauerei.de\/fr\/#website","url":"https:\/\/www.erwinsmuehlenbrauerei.de\/fr\/","name":"Erwins M\u00fchlenbrauerei mit Brauhaus Restaurant","description":"","publisher":{"@id":"https:\/\/www.erwinsmuehlenbrauerei.de\/fr\/#organization"},"potentialAction":[{"@type":"SearchAction","target":{"@type":"EntryPoint","urlTemplate":"https:\/\/www.erwinsmuehlenbrauerei.de\/fr\/?s={search_term_string}"},"query-input":{"@type":"PropertyValueSpecification","valueRequired":true,"valueName":"search_term_string"}}],"inLanguage":"fr-FR"},{"@type":"Organization","@id":"https:\/\/www.erwinsmuehlenbrauerei.de\/fr\/#organization","name":"Erwins M\u00fchlenbrauerei mit Brauhaus Restaurant","url":"https:\/\/www.erwinsmuehlenbrauerei.de\/fr\/","logo":{"@type":"ImageObject","inLanguage":"fr-FR","@id":"https:\/\/www.erwinsmuehlenbrauerei.de\/fr\/#\/schema\/logo\/image\/","url":"https:\/\/www.erwinsmuehlenbrauerei.de\/wp-content\/uploads\/2023\/05\/erwinsmuehlenbrauerei-logo-upscaled.png","contentUrl":"https:\/\/www.erwinsmuehlenbrauerei.de\/wp-content\/uploads\/2023\/05\/erwinsmuehlenbrauerei-logo-upscaled.png","width":677,"height":554,"caption":"Erwins M\u00fchlenbrauerei mit Brauhaus Restaurant"},"image":{"@id":"https:\/\/www.erwinsmuehlenbrauerei.de\/fr\/#\/schema\/logo\/image\/"}}]}},"_links":{"self":[{"href":"https:\/\/www.erwinsmuehlenbrauerei.de\/fr\/wp-json\/wp\/v2\/product\/3230","targetHints":{"allow":["GET"]}}],"collection":[{"href":"https:\/\/www.erwinsmuehlenbrauerei.de\/fr\/wp-json\/wp\/v2\/product"}],"about":[{"href":"https:\/\/www.erwinsmuehlenbrauerei.de\/fr\/wp-json\/wp\/v2\/types\/product"}],"wp:featuredmedia":[{"embeddable":true,"href":"https:\/\/www.erwinsmuehlenbrauerei.de\/fr\/wp-json\/wp\/v2\/media\/2644"}],"wp:attachment":[{"href":"https:\/\/www.erwinsmuehlenbrauerei.de\/fr\/wp-json\/wp\/v2\/media?parent=3230"}],"wp:term":[{"taxonomy":"product_brand","embeddable":true,"href":"https:\/\/www.erwinsmuehlenbrauerei.de\/fr\/wp-json\/wp\/v2\/product_brand?post=3230"},{"taxonomy":"product_cat","embeddable":true,"href":"https:\/\/www.erwinsmuehlenbrauerei.de\/fr\/wp-json\/wp\/v2\/product_cat?post=3230"},{"taxonomy":"product_tag","embeddable":true,"href":"https:\/\/www.erwinsmuehlenbrauerei.de\/fr\/wp-json\/wp\/v2\/product_tag?post=3230"}],"curies":[{"name":"wp","href":"https:\/\/api.w.org\/{rel}","templated":true}]}}