{"id":3218,"date":"2023-10-18T12:37:14","date_gmt":"2023-10-18T10:37:14","guid":{"rendered":"https:\/\/www.erwinsmuehlenbrauerei.de\/produkt\/moutarde-au-champagne-et-au-cassis\/"},"modified":"2023-10-18T12:37:14","modified_gmt":"2023-10-18T10:37:14","slug":"moutarde-au-champagne-et-au-cassis","status":"publish","type":"product","link":"https:\/\/www.erwinsmuehlenbrauerei.de\/fr\/produkt\/moutarde-au-champagne-et-au-cassis\/","title":{"rendered":"Moutarde au champagne et au cassis"},"content":{"rendered":"<h3><strong>Notre moutarde au champagne et au cassis &#8211; l'&#8221;extravagante&#8221; de l&#8217;Eifel<\/strong><strong> <\/strong><\/h3>\n<p>Si vous recherchez la noblesse et l&#8217;originalit\u00e9 parmi les moutardes, vous ne pouvez pas passer \u00e0 c\u00f4t\u00e9 de notre moutarde au champagne et au cassis. Une Moutarde Royal au go\u00fbt v\u00e9ritablement royal, qui enthousiasme par son raffinement gustatif et sa douceur noble. Sa marque de fabrique, ce sont les graines de moutarde grossi\u00e8rement moulues et enti\u00e8res.<\/p>\n<h3><strong>Comment la moutarde de Chamagner-Cassis est-elle produite ?<\/strong><\/h3>\n<p>Notre classique, la &#8220;moutarde historique&#8221;, affin\u00e9e avec de la liqueur et du champagne, sert de base. C&#8217;est en ajoutant la liqueur de cassis que l&#8217;on obtient sa merveilleuse note fruit\u00e9e. Un trait du champagne le plus noble lui conf\u00e8re enfin un go\u00fbt royal.<\/p>\n<h3><strong>Avec quoi la moutarde de Chamagne-Cassis se marie-t-elle le mieux ?<\/strong><\/h3>\n<p>Son go\u00fbt est exceptionnel et ses possibilit\u00e9s d&#8217;utilisation sont tr\u00e8s vari\u00e9es. Vous pouvez laisser libre cours \u00e0 votre cr\u00e9ativit\u00e9 lorsqu&#8217;il s&#8217;agit de proposer et de placer notre &#8220;Champagne-Cassis&#8221; sur la table dress\u00e9e comme &#8220;accroche-regard gustatif&#8221;. Il accompagne parfaitement les r\u00f4tis, les grillades et m\u00eame le poisson. Mais il est aussi particuli\u00e8rement bon en vinaigrette ou avec un plateau de fromages.<\/p>\n<p><strong>Encore un conseil pour le stockage !<\/strong><\/p>\n<p>Apr\u00e8s ouverture, veillez \u00e0 conserver la moutarde dans un endroit aussi frais et sombre que possible. En effet, il conserve ainsi son go\u00fbt parfait et son piquant d\u00e9licieusement frais pendant une p\u00e9riode prolong\u00e9e !<\/p>\n","protected":false},"excerpt":{"rendered":"<p>\u2022 Raffin\u00e9 avec du champagne<\/p>\n<p>\u2022 Go\u00fbt particuli\u00e8rement doux<\/p>\n<p>\u2022 Se marie bien avec les vinaigrettes nobles<\/p>\n","protected":false},"featured_media":2632,"template":"","meta":{"_acf_changed":false,"neve_meta_sidebar":"","neve_meta_container":"","neve_meta_enable_content_width":"off","neve_meta_content_width":100,"neve_meta_title_alignment":"","neve_meta_author_avatar":"","neve_post_elements_order":"","neve_meta_disable_header":"","neve_meta_disable_footer":"","neve_meta_disable_title":"","neve_meta_reading_time":""},"product_brand":[],"product_cat":[151],"product_tag":[],"class_list":{"0":"post-3218","1":"product","2":"type-product","3":"status-publish","4":"has-post-thumbnail","6":"product_cat-moutarde","7":"product_shipping_class-expedition-assuree","9":"first","10":"instock","11":"taxable","12":"shipping-taxable","13":"product-type-variable","14":"has-default-attributes"},"acf":[],"yoast_head":"<!-- This site is optimized with the Yoast SEO plugin v27.6 - https:\/\/yoast.com\/product\/yoast-seo-wordpress\/ -->\n<title>Moutarde au champagne et au cassis - Erwins M\u00fchlenbrauerei mit Brauhaus Restaurant<\/title>\n<meta name=\"description\" content=\"Si vous recherchez la noblesse et l&#039;originalit\u00e9 parmi les moutardes, vous ne pouvez pas passer \u00e0 c\u00f4t\u00e9 de notre moutarde au champagne et au cassis. Voyez par vous-m\u00eame !\" \/>\n<meta name=\"robots\" content=\"index, follow, max-snippet:-1, max-image-preview:large, max-video-preview:-1\" \/>\n<link rel=\"canonical\" href=\"https:\/\/www.erwinsmuehlenbrauerei.de\/fr\/produkt\/moutarde-au-champagne-et-au-cassis\/\" \/>\n<meta property=\"og:locale\" content=\"fr_FR\" \/>\n<meta property=\"og:type\" content=\"article\" \/>\n<meta property=\"og:title\" content=\"Moutarde au champagne et au cassis - Erwins M\u00fchlenbrauerei mit Brauhaus Restaurant\" \/>\n<meta property=\"og:description\" content=\"Si vous recherchez la noblesse et l&#039;originalit\u00e9 parmi les moutardes, vous ne pouvez pas passer \u00e0 c\u00f4t\u00e9 de notre moutarde au champagne et au cassis. Voyez par vous-m\u00eame !\" \/>\n<meta property=\"og:url\" content=\"https:\/\/www.erwinsmuehlenbrauerei.de\/fr\/produkt\/moutarde-au-champagne-et-au-cassis\/\" \/>\n<meta property=\"og:site_name\" content=\"Erwins M\u00fchlenbrauerei mit Brauhaus Restaurant\" \/>\n<meta property=\"og:image\" content=\"https:\/\/www.erwinsmuehlenbrauerei.de\/wp-content\/uploads\/CH06-Champagner-Cassis-Senf-200ml.png\" \/>\n\t<meta property=\"og:image:width\" content=\"1400\" \/>\n\t<meta property=\"og:image:height\" content=\"2101\" \/>\n\t<meta property=\"og:image:type\" content=\"image\/png\" \/>\n<meta name=\"twitter:card\" content=\"summary_large_image\" \/>\n<meta name=\"twitter:label1\" content=\"Dur\u00e9e de lecture estim\u00e9e\" \/>\n\t<meta name=\"twitter:data1\" content=\"1 minute\" \/>\n<script type=\"application\/ld+json\" class=\"yoast-schema-graph\">{\"@context\":\"https:\\\/\\\/schema.org\",\"@graph\":[{\"@type\":\"WebPage\",\"@id\":\"https:\\\/\\\/www.erwinsmuehlenbrauerei.de\\\/fr\\\/produkt\\\/moutarde-au-champagne-et-au-cassis\\\/\",\"url\":\"https:\\\/\\\/www.erwinsmuehlenbrauerei.de\\\/fr\\\/produkt\\\/moutarde-au-champagne-et-au-cassis\\\/\",\"name\":\"Moutarde au champagne et au cassis - Erwins M\u00fchlenbrauerei mit Brauhaus Restaurant\",\"isPartOf\":{\"@id\":\"https:\\\/\\\/www.erwinsmuehlenbrauerei.de\\\/fr\\\/#website\"},\"primaryImageOfPage\":{\"@id\":\"https:\\\/\\\/www.erwinsmuehlenbrauerei.de\\\/fr\\\/produkt\\\/moutarde-au-champagne-et-au-cassis\\\/#primaryimage\"},\"image\":{\"@id\":\"https:\\\/\\\/www.erwinsmuehlenbrauerei.de\\\/fr\\\/produkt\\\/moutarde-au-champagne-et-au-cassis\\\/#primaryimage\"},\"thumbnailUrl\":\"https:\\\/\\\/www.erwinsmuehlenbrauerei.de\\\/wp-content\\\/uploads\\\/CH06-Champagner-Cassis-Senf-200ml.png\",\"datePublished\":\"2023-10-18T10:37:14+00:00\",\"description\":\"Si vous recherchez la noblesse et l'originalit\u00e9 parmi les moutardes, vous ne pouvez pas passer \u00e0 c\u00f4t\u00e9 de notre moutarde au champagne et au cassis. Voyez par vous-m\u00eame !\",\"breadcrumb\":{\"@id\":\"https:\\\/\\\/www.erwinsmuehlenbrauerei.de\\\/fr\\\/produkt\\\/moutarde-au-champagne-et-au-cassis\\\/#breadcrumb\"},\"inLanguage\":\"fr-FR\",\"potentialAction\":[{\"@type\":\"ReadAction\",\"target\":[\"https:\\\/\\\/www.erwinsmuehlenbrauerei.de\\\/fr\\\/produkt\\\/moutarde-au-champagne-et-au-cassis\\\/\"]}]},{\"@type\":\"ImageObject\",\"inLanguage\":\"fr-FR\",\"@id\":\"https:\\\/\\\/www.erwinsmuehlenbrauerei.de\\\/fr\\\/produkt\\\/moutarde-au-champagne-et-au-cassis\\\/#primaryimage\",\"url\":\"https:\\\/\\\/www.erwinsmuehlenbrauerei.de\\\/wp-content\\\/uploads\\\/CH06-Champagner-Cassis-Senf-200ml.png\",\"contentUrl\":\"https:\\\/\\\/www.erwinsmuehlenbrauerei.de\\\/wp-content\\\/uploads\\\/CH06-Champagner-Cassis-Senf-200ml.png\",\"width\":1400,\"height\":2101},{\"@type\":\"BreadcrumbList\",\"@id\":\"https:\\\/\\\/www.erwinsmuehlenbrauerei.de\\\/fr\\\/produkt\\\/moutarde-au-champagne-et-au-cassis\\\/#breadcrumb\",\"itemListElement\":[{\"@type\":\"ListItem\",\"position\":1,\"name\":\"Startseite\",\"item\":\"https:\\\/\\\/www.erwinsmuehlenbrauerei.de\\\/fr\\\/la-brasserie-du-moulin-derwin\\\/\"},{\"@type\":\"ListItem\",\"position\":2,\"name\":\"Boutique\",\"item\":\"https:\\\/\\\/www.erwinsmuehlenbrauerei.de\\\/fr\\\/boutique\\\/\"},{\"@type\":\"ListItem\",\"position\":3,\"name\":\"Moutarde au champagne et au cassis\"}]},{\"@type\":\"WebSite\",\"@id\":\"https:\\\/\\\/www.erwinsmuehlenbrauerei.de\\\/fr\\\/#website\",\"url\":\"https:\\\/\\\/www.erwinsmuehlenbrauerei.de\\\/fr\\\/\",\"name\":\"Erwins M\u00fchlenbrauerei mit Brauhaus Restaurant\",\"description\":\"\",\"publisher\":{\"@id\":\"https:\\\/\\\/www.erwinsmuehlenbrauerei.de\\\/fr\\\/#organization\"},\"potentialAction\":[{\"@type\":\"SearchAction\",\"target\":{\"@type\":\"EntryPoint\",\"urlTemplate\":\"https:\\\/\\\/www.erwinsmuehlenbrauerei.de\\\/fr\\\/?s={search_term_string}\"},\"query-input\":{\"@type\":\"PropertyValueSpecification\",\"valueRequired\":true,\"valueName\":\"search_term_string\"}}],\"inLanguage\":\"fr-FR\"},{\"@type\":\"Organization\",\"@id\":\"https:\\\/\\\/www.erwinsmuehlenbrauerei.de\\\/fr\\\/#organization\",\"name\":\"Erwins M\u00fchlenbrauerei mit Brauhaus Restaurant\",\"url\":\"https:\\\/\\\/www.erwinsmuehlenbrauerei.de\\\/fr\\\/\",\"logo\":{\"@type\":\"ImageObject\",\"inLanguage\":\"fr-FR\",\"@id\":\"https:\\\/\\\/www.erwinsmuehlenbrauerei.de\\\/fr\\\/#\\\/schema\\\/logo\\\/image\\\/\",\"url\":\"https:\\\/\\\/www.erwinsmuehlenbrauerei.de\\\/wp-content\\\/uploads\\\/2023\\\/05\\\/erwinsmuehlenbrauerei-logo-upscaled.png\",\"contentUrl\":\"https:\\\/\\\/www.erwinsmuehlenbrauerei.de\\\/wp-content\\\/uploads\\\/2023\\\/05\\\/erwinsmuehlenbrauerei-logo-upscaled.png\",\"width\":677,\"height\":554,\"caption\":\"Erwins M\u00fchlenbrauerei mit Brauhaus Restaurant\"},\"image\":{\"@id\":\"https:\\\/\\\/www.erwinsmuehlenbrauerei.de\\\/fr\\\/#\\\/schema\\\/logo\\\/image\\\/\"}}]}<\/script>\n<!-- \/ Yoast SEO plugin. -->","yoast_head_json":{"title":"Moutarde au champagne et au cassis - Erwins M\u00fchlenbrauerei mit Brauhaus Restaurant","description":"Si vous recherchez la noblesse et l'originalit\u00e9 parmi les moutardes, vous ne pouvez pas passer \u00e0 c\u00f4t\u00e9 de notre moutarde au champagne et au cassis. Voyez par vous-m\u00eame !","robots":{"index":"index","follow":"follow","max-snippet":"max-snippet:-1","max-image-preview":"max-image-preview:large","max-video-preview":"max-video-preview:-1"},"canonical":"https:\/\/www.erwinsmuehlenbrauerei.de\/fr\/produkt\/moutarde-au-champagne-et-au-cassis\/","og_locale":"fr_FR","og_type":"article","og_title":"Moutarde au champagne et au cassis - Erwins M\u00fchlenbrauerei mit Brauhaus Restaurant","og_description":"Si vous recherchez la noblesse et l'originalit\u00e9 parmi les moutardes, vous ne pouvez pas passer \u00e0 c\u00f4t\u00e9 de notre moutarde au champagne et au cassis. Voyez par vous-m\u00eame !","og_url":"https:\/\/www.erwinsmuehlenbrauerei.de\/fr\/produkt\/moutarde-au-champagne-et-au-cassis\/","og_site_name":"Erwins M\u00fchlenbrauerei mit Brauhaus Restaurant","og_image":[{"width":1400,"height":2101,"url":"https:\/\/www.erwinsmuehlenbrauerei.de\/wp-content\/uploads\/CH06-Champagner-Cassis-Senf-200ml.png","type":"image\/png"}],"twitter_card":"summary_large_image","twitter_misc":{"Dur\u00e9e de lecture estim\u00e9e":"1 minute"},"schema":{"@context":"https:\/\/schema.org","@graph":[{"@type":"WebPage","@id":"https:\/\/www.erwinsmuehlenbrauerei.de\/fr\/produkt\/moutarde-au-champagne-et-au-cassis\/","url":"https:\/\/www.erwinsmuehlenbrauerei.de\/fr\/produkt\/moutarde-au-champagne-et-au-cassis\/","name":"Moutarde au champagne et au cassis - Erwins M\u00fchlenbrauerei mit Brauhaus Restaurant","isPartOf":{"@id":"https:\/\/www.erwinsmuehlenbrauerei.de\/fr\/#website"},"primaryImageOfPage":{"@id":"https:\/\/www.erwinsmuehlenbrauerei.de\/fr\/produkt\/moutarde-au-champagne-et-au-cassis\/#primaryimage"},"image":{"@id":"https:\/\/www.erwinsmuehlenbrauerei.de\/fr\/produkt\/moutarde-au-champagne-et-au-cassis\/#primaryimage"},"thumbnailUrl":"https:\/\/www.erwinsmuehlenbrauerei.de\/wp-content\/uploads\/CH06-Champagner-Cassis-Senf-200ml.png","datePublished":"2023-10-18T10:37:14+00:00","description":"Si vous recherchez la noblesse et l'originalit\u00e9 parmi les moutardes, vous ne pouvez pas passer \u00e0 c\u00f4t\u00e9 de notre moutarde au champagne et au cassis. Voyez par vous-m\u00eame !","breadcrumb":{"@id":"https:\/\/www.erwinsmuehlenbrauerei.de\/fr\/produkt\/moutarde-au-champagne-et-au-cassis\/#breadcrumb"},"inLanguage":"fr-FR","potentialAction":[{"@type":"ReadAction","target":["https:\/\/www.erwinsmuehlenbrauerei.de\/fr\/produkt\/moutarde-au-champagne-et-au-cassis\/"]}]},{"@type":"ImageObject","inLanguage":"fr-FR","@id":"https:\/\/www.erwinsmuehlenbrauerei.de\/fr\/produkt\/moutarde-au-champagne-et-au-cassis\/#primaryimage","url":"https:\/\/www.erwinsmuehlenbrauerei.de\/wp-content\/uploads\/CH06-Champagner-Cassis-Senf-200ml.png","contentUrl":"https:\/\/www.erwinsmuehlenbrauerei.de\/wp-content\/uploads\/CH06-Champagner-Cassis-Senf-200ml.png","width":1400,"height":2101},{"@type":"BreadcrumbList","@id":"https:\/\/www.erwinsmuehlenbrauerei.de\/fr\/produkt\/moutarde-au-champagne-et-au-cassis\/#breadcrumb","itemListElement":[{"@type":"ListItem","position":1,"name":"Startseite","item":"https:\/\/www.erwinsmuehlenbrauerei.de\/fr\/la-brasserie-du-moulin-derwin\/"},{"@type":"ListItem","position":2,"name":"Boutique","item":"https:\/\/www.erwinsmuehlenbrauerei.de\/fr\/boutique\/"},{"@type":"ListItem","position":3,"name":"Moutarde au champagne et au cassis"}]},{"@type":"WebSite","@id":"https:\/\/www.erwinsmuehlenbrauerei.de\/fr\/#website","url":"https:\/\/www.erwinsmuehlenbrauerei.de\/fr\/","name":"Erwins M\u00fchlenbrauerei mit Brauhaus Restaurant","description":"","publisher":{"@id":"https:\/\/www.erwinsmuehlenbrauerei.de\/fr\/#organization"},"potentialAction":[{"@type":"SearchAction","target":{"@type":"EntryPoint","urlTemplate":"https:\/\/www.erwinsmuehlenbrauerei.de\/fr\/?s={search_term_string}"},"query-input":{"@type":"PropertyValueSpecification","valueRequired":true,"valueName":"search_term_string"}}],"inLanguage":"fr-FR"},{"@type":"Organization","@id":"https:\/\/www.erwinsmuehlenbrauerei.de\/fr\/#organization","name":"Erwins M\u00fchlenbrauerei mit Brauhaus Restaurant","url":"https:\/\/www.erwinsmuehlenbrauerei.de\/fr\/","logo":{"@type":"ImageObject","inLanguage":"fr-FR","@id":"https:\/\/www.erwinsmuehlenbrauerei.de\/fr\/#\/schema\/logo\/image\/","url":"https:\/\/www.erwinsmuehlenbrauerei.de\/wp-content\/uploads\/2023\/05\/erwinsmuehlenbrauerei-logo-upscaled.png","contentUrl":"https:\/\/www.erwinsmuehlenbrauerei.de\/wp-content\/uploads\/2023\/05\/erwinsmuehlenbrauerei-logo-upscaled.png","width":677,"height":554,"caption":"Erwins M\u00fchlenbrauerei mit Brauhaus Restaurant"},"image":{"@id":"https:\/\/www.erwinsmuehlenbrauerei.de\/fr\/#\/schema\/logo\/image\/"}}]}},"_links":{"self":[{"href":"https:\/\/www.erwinsmuehlenbrauerei.de\/fr\/wp-json\/wp\/v2\/product\/3218","targetHints":{"allow":["GET"]}}],"collection":[{"href":"https:\/\/www.erwinsmuehlenbrauerei.de\/fr\/wp-json\/wp\/v2\/product"}],"about":[{"href":"https:\/\/www.erwinsmuehlenbrauerei.de\/fr\/wp-json\/wp\/v2\/types\/product"}],"wp:featuredmedia":[{"embeddable":true,"href":"https:\/\/www.erwinsmuehlenbrauerei.de\/fr\/wp-json\/wp\/v2\/media\/2632"}],"wp:attachment":[{"href":"https:\/\/www.erwinsmuehlenbrauerei.de\/fr\/wp-json\/wp\/v2\/media?parent=3218"}],"wp:term":[{"taxonomy":"product_brand","embeddable":true,"href":"https:\/\/www.erwinsmuehlenbrauerei.de\/fr\/wp-json\/wp\/v2\/product_brand?post=3218"},{"taxonomy":"product_cat","embeddable":true,"href":"https:\/\/www.erwinsmuehlenbrauerei.de\/fr\/wp-json\/wp\/v2\/product_cat?post=3218"},{"taxonomy":"product_tag","embeddable":true,"href":"https:\/\/www.erwinsmuehlenbrauerei.de\/fr\/wp-json\/wp\/v2\/product_tag?post=3218"}],"curies":[{"name":"wp","href":"https:\/\/api.w.org\/{rel}","templated":true}]}}