{"id":3214,"date":"2023-10-18T12:37:15","date_gmt":"2023-10-18T10:37:15","guid":{"rendered":"https:\/\/www.erwinsmuehlenbrauerei.de\/produkt\/forfait-degustation-de-moutarde\/"},"modified":"2023-10-18T12:37:15","modified_gmt":"2023-10-18T10:37:15","slug":"forfait-degustation-de-moutarde","status":"publish","type":"product","link":"https:\/\/www.erwinsmuehlenbrauerei.de\/fr\/produkt\/forfait-degustation-de-moutarde\/","title":{"rendered":"Forfait d\u00e9gustation de moutarde"},"content":{"rendered":"<h3><strong>Notre paquet de d\u00e9gustation de moutarde &#8211; pour que vous d\u00e9couvriez particuli\u00e8rement vite les &#8220;quatre&#8221; de nos moutardes !<\/strong><strong> <\/strong><\/h3>\n<p>Vous avez maintenant lu le go\u00fbt des moutardes fabriqu\u00e9es dans notre moulin et les plats avec lesquels elles se marient le mieux. Mais vous avez maintenant du mal \u00e0 choisir une vari\u00e9t\u00e9. Toutes les vari\u00e9t\u00e9s vous donneraient envie de les go\u00fbter !<\/p>\n<h2><strong>Moutarde en paquet de quatre &#8211; petite mais efficace !<\/strong><\/h2>\n<p>Alors nous avons quelque chose pour vous ! Commandez donc notre paquet de d\u00e9gustation de moutarde. Vous y trouverez nos quatre moutardes (<a href=\"https:\/\/www.erwinsmuehlenbrauerei.de\/fr\/produkt\/moutarde-historique\/\"><br \/>\n  <u>Moutarde historique<\/u><br \/>\n<\/a>, <a href=\"https:\/\/www.erwinsmuehlenbrauerei.de\/fr\/produkt\/moutarde-a-lail\/\"><br \/>\n  <u>Moutarde \u00e0 l&#8217;ail<\/u><br \/>\n<\/a>) de notre propre fabrication, conditionn\u00e9es dans des petits pots de d\u00e9gustation de 90 ml. Alors, bonne d\u00e9gustation et surtout bon app\u00e9tit !<\/p>\n<p><strong>Toutes les petites vari\u00e9t\u00e9s de moutarde produites par le moulin en emballage d&#8217;essai !<\/strong><\/p>\n<ul>\n<li>1x 90ml <a href=\"\/?product_cat=historischer-senf\">de moutarde historique<\/a><\/li>\n<li>1x <a href=\"\/?product_cat=honigsenf\">90 ml de moutarde au miel<\/a><\/li>\n<li>1x 90 ml <a href=\"\/?product_cat=honigsenf\">de moutarde au champagne et au cassis<\/a><\/li>\n<li>1x 90 ml <a href=\"\/?product_cat=knoblauchsenf\">de moutarde \u00e0 l&#8217;ail<\/a> <\/li>\n<\/ul>\n<p>&nbsp;<\/p>\n","protected":false},"excerpt":{"rendered":"<p>Notre paquet de d\u00e9gustation de moutarde &#8211; pour que vous d\u00e9couvriez particuli\u00e8rement vite les &#8220;quatre&#8221; de nos moutardes ! Vous avez maintenant lu le go\u00fbt des moutardes fabriqu\u00e9es dans notre moulin et les plats avec lesquels elles se marient le mieux. Mais vous avez maintenant du mal \u00e0 choisir une vari\u00e9t\u00e9. Toutes les vari\u00e9t\u00e9s vous&hellip;&nbsp;<a href=\"https:\/\/www.erwinsmuehlenbrauerei.de\/fr\/produkt\/forfait-degustation-de-moutarde\/\" rel=\"bookmark\">Read More &raquo;<span class=\"screen-reader-text\">Forfait d\u00e9gustation de moutarde<\/span><\/a><\/p>\n","protected":false},"featured_media":2656,"template":"","meta":{"_acf_changed":false,"neve_meta_sidebar":"","neve_meta_container":"","neve_meta_enable_content_width":"off","neve_meta_content_width":100,"neve_meta_title_alignment":"","neve_meta_author_avatar":"","neve_post_elements_order":"","neve_meta_disable_header":"","neve_meta_disable_footer":"","neve_meta_disable_title":"","neve_meta_reading_time":""},"product_brand":[],"product_cat":[151],"product_tag":[],"class_list":{"0":"post-3214","1":"product","2":"type-product","3":"status-publish","4":"has-post-thumbnail","6":"product_cat-moutarde","7":"product_shipping_class-expedition-assuree","9":"first","10":"instock","11":"sale","12":"featured","13":"taxable","14":"shipping-taxable","15":"product-type-simple"},"acf":[],"yoast_head":"<!-- This site is optimized with the Yoast SEO plugin v27.6 - https:\/\/yoast.com\/product\/yoast-seo-wordpress\/ -->\n<title>Forfait d\u00e9gustation de moutarde - Erwins M\u00fchlenbrauerei mit Brauhaus Restaurant<\/title>\n<meta name=\"description\" content=\"Mais vous avez maintenant du mal \u00e0 choisir une vari\u00e9t\u00e9. Toutes les vari\u00e9t\u00e9s vous donneraient envie de les go\u00fbter ! Consultez d\u00e8s maintenant notre pack d&#039;essai !\" \/>\n<meta name=\"robots\" content=\"index, follow, max-snippet:-1, max-image-preview:large, max-video-preview:-1\" \/>\n<link rel=\"canonical\" href=\"https:\/\/www.erwinsmuehlenbrauerei.de\/fr\/produkt\/forfait-degustation-de-moutarde\/\" \/>\n<meta property=\"og:locale\" content=\"fr_FR\" \/>\n<meta property=\"og:type\" content=\"article\" \/>\n<meta property=\"og:title\" content=\"Forfait d\u00e9gustation de moutarde - Erwins M\u00fchlenbrauerei mit Brauhaus Restaurant\" \/>\n<meta property=\"og:description\" content=\"Mais vous avez maintenant du mal \u00e0 choisir une vari\u00e9t\u00e9. Toutes les vari\u00e9t\u00e9s vous donneraient envie de les go\u00fbter ! Consultez d\u00e8s maintenant notre pack d&#039;essai !\" \/>\n<meta property=\"og:url\" content=\"https:\/\/www.erwinsmuehlenbrauerei.de\/fr\/produkt\/forfait-degustation-de-moutarde\/\" \/>\n<meta property=\"og:site_name\" content=\"Erwins M\u00fchlenbrauerei mit Brauhaus Restaurant\" \/>\n<meta property=\"og:image\" content=\"https:\/\/www.erwinsmuehlenbrauerei.de\/wp-content\/uploads\/Senf-Probierpaket.png\" \/>\n\t<meta property=\"og:image:width\" content=\"1400\" \/>\n\t<meta property=\"og:image:height\" content=\"2100\" \/>\n\t<meta property=\"og:image:type\" content=\"image\/png\" \/>\n<meta name=\"twitter:card\" content=\"summary_large_image\" \/>\n<meta name=\"twitter:label1\" content=\"Dur\u00e9e de lecture estim\u00e9e\" \/>\n\t<meta name=\"twitter:data1\" content=\"1 minute\" \/>\n<script type=\"application\/ld+json\" class=\"yoast-schema-graph\">{\"@context\":\"https:\\\/\\\/schema.org\",\"@graph\":[{\"@type\":\"WebPage\",\"@id\":\"https:\\\/\\\/www.erwinsmuehlenbrauerei.de\\\/fr\\\/produkt\\\/forfait-degustation-de-moutarde\\\/\",\"url\":\"https:\\\/\\\/www.erwinsmuehlenbrauerei.de\\\/fr\\\/produkt\\\/forfait-degustation-de-moutarde\\\/\",\"name\":\"Forfait d\u00e9gustation de moutarde - Erwins M\u00fchlenbrauerei mit Brauhaus Restaurant\",\"isPartOf\":{\"@id\":\"https:\\\/\\\/www.erwinsmuehlenbrauerei.de\\\/fr\\\/#website\"},\"primaryImageOfPage\":{\"@id\":\"https:\\\/\\\/www.erwinsmuehlenbrauerei.de\\\/fr\\\/produkt\\\/forfait-degustation-de-moutarde\\\/#primaryimage\"},\"image\":{\"@id\":\"https:\\\/\\\/www.erwinsmuehlenbrauerei.de\\\/fr\\\/produkt\\\/forfait-degustation-de-moutarde\\\/#primaryimage\"},\"thumbnailUrl\":\"https:\\\/\\\/www.erwinsmuehlenbrauerei.de\\\/wp-content\\\/uploads\\\/Senf-Probierpaket.png\",\"datePublished\":\"2023-10-18T10:37:15+00:00\",\"description\":\"Mais vous avez maintenant du mal \u00e0 choisir une vari\u00e9t\u00e9. Toutes les vari\u00e9t\u00e9s vous donneraient envie de les go\u00fbter ! Consultez d\u00e8s maintenant notre pack d'essai !\",\"breadcrumb\":{\"@id\":\"https:\\\/\\\/www.erwinsmuehlenbrauerei.de\\\/fr\\\/produkt\\\/forfait-degustation-de-moutarde\\\/#breadcrumb\"},\"inLanguage\":\"fr-FR\",\"potentialAction\":[{\"@type\":\"ReadAction\",\"target\":[\"https:\\\/\\\/www.erwinsmuehlenbrauerei.de\\\/fr\\\/produkt\\\/forfait-degustation-de-moutarde\\\/\"]}]},{\"@type\":\"ImageObject\",\"inLanguage\":\"fr-FR\",\"@id\":\"https:\\\/\\\/www.erwinsmuehlenbrauerei.de\\\/fr\\\/produkt\\\/forfait-degustation-de-moutarde\\\/#primaryimage\",\"url\":\"https:\\\/\\\/www.erwinsmuehlenbrauerei.de\\\/wp-content\\\/uploads\\\/Senf-Probierpaket.png\",\"contentUrl\":\"https:\\\/\\\/www.erwinsmuehlenbrauerei.de\\\/wp-content\\\/uploads\\\/Senf-Probierpaket.png\",\"width\":1400,\"height\":2100},{\"@type\":\"BreadcrumbList\",\"@id\":\"https:\\\/\\\/www.erwinsmuehlenbrauerei.de\\\/fr\\\/produkt\\\/forfait-degustation-de-moutarde\\\/#breadcrumb\",\"itemListElement\":[{\"@type\":\"ListItem\",\"position\":1,\"name\":\"Startseite\",\"item\":\"https:\\\/\\\/www.erwinsmuehlenbrauerei.de\\\/fr\\\/la-brasserie-du-moulin-derwin\\\/\"},{\"@type\":\"ListItem\",\"position\":2,\"name\":\"Boutique\",\"item\":\"https:\\\/\\\/www.erwinsmuehlenbrauerei.de\\\/fr\\\/boutique\\\/\"},{\"@type\":\"ListItem\",\"position\":3,\"name\":\"Forfait d\u00e9gustation de moutarde\"}]},{\"@type\":\"WebSite\",\"@id\":\"https:\\\/\\\/www.erwinsmuehlenbrauerei.de\\\/fr\\\/#website\",\"url\":\"https:\\\/\\\/www.erwinsmuehlenbrauerei.de\\\/fr\\\/\",\"name\":\"Erwins M\u00fchlenbrauerei mit Brauhaus Restaurant\",\"description\":\"\",\"publisher\":{\"@id\":\"https:\\\/\\\/www.erwinsmuehlenbrauerei.de\\\/fr\\\/#organization\"},\"potentialAction\":[{\"@type\":\"SearchAction\",\"target\":{\"@type\":\"EntryPoint\",\"urlTemplate\":\"https:\\\/\\\/www.erwinsmuehlenbrauerei.de\\\/fr\\\/?s={search_term_string}\"},\"query-input\":{\"@type\":\"PropertyValueSpecification\",\"valueRequired\":true,\"valueName\":\"search_term_string\"}}],\"inLanguage\":\"fr-FR\"},{\"@type\":\"Organization\",\"@id\":\"https:\\\/\\\/www.erwinsmuehlenbrauerei.de\\\/fr\\\/#organization\",\"name\":\"Erwins M\u00fchlenbrauerei mit Brauhaus Restaurant\",\"url\":\"https:\\\/\\\/www.erwinsmuehlenbrauerei.de\\\/fr\\\/\",\"logo\":{\"@type\":\"ImageObject\",\"inLanguage\":\"fr-FR\",\"@id\":\"https:\\\/\\\/www.erwinsmuehlenbrauerei.de\\\/fr\\\/#\\\/schema\\\/logo\\\/image\\\/\",\"url\":\"https:\\\/\\\/www.erwinsmuehlenbrauerei.de\\\/wp-content\\\/uploads\\\/2023\\\/05\\\/erwinsmuehlenbrauerei-logo-upscaled.png\",\"contentUrl\":\"https:\\\/\\\/www.erwinsmuehlenbrauerei.de\\\/wp-content\\\/uploads\\\/2023\\\/05\\\/erwinsmuehlenbrauerei-logo-upscaled.png\",\"width\":677,\"height\":554,\"caption\":\"Erwins M\u00fchlenbrauerei mit Brauhaus Restaurant\"},\"image\":{\"@id\":\"https:\\\/\\\/www.erwinsmuehlenbrauerei.de\\\/fr\\\/#\\\/schema\\\/logo\\\/image\\\/\"}}]}<\/script>\n<!-- \/ Yoast SEO plugin. -->","yoast_head_json":{"title":"Forfait d\u00e9gustation de moutarde - Erwins M\u00fchlenbrauerei mit Brauhaus Restaurant","description":"Mais vous avez maintenant du mal \u00e0 choisir une vari\u00e9t\u00e9. Toutes les vari\u00e9t\u00e9s vous donneraient envie de les go\u00fbter ! Consultez d\u00e8s maintenant notre pack d'essai !","robots":{"index":"index","follow":"follow","max-snippet":"max-snippet:-1","max-image-preview":"max-image-preview:large","max-video-preview":"max-video-preview:-1"},"canonical":"https:\/\/www.erwinsmuehlenbrauerei.de\/fr\/produkt\/forfait-degustation-de-moutarde\/","og_locale":"fr_FR","og_type":"article","og_title":"Forfait d\u00e9gustation de moutarde - Erwins M\u00fchlenbrauerei mit Brauhaus Restaurant","og_description":"Mais vous avez maintenant du mal \u00e0 choisir une vari\u00e9t\u00e9. Toutes les vari\u00e9t\u00e9s vous donneraient envie de les go\u00fbter ! Consultez d\u00e8s maintenant notre pack d'essai !","og_url":"https:\/\/www.erwinsmuehlenbrauerei.de\/fr\/produkt\/forfait-degustation-de-moutarde\/","og_site_name":"Erwins M\u00fchlenbrauerei mit Brauhaus Restaurant","og_image":[{"width":1400,"height":2100,"url":"https:\/\/www.erwinsmuehlenbrauerei.de\/wp-content\/uploads\/Senf-Probierpaket.png","type":"image\/png"}],"twitter_card":"summary_large_image","twitter_misc":{"Dur\u00e9e de lecture estim\u00e9e":"1 minute"},"schema":{"@context":"https:\/\/schema.org","@graph":[{"@type":"WebPage","@id":"https:\/\/www.erwinsmuehlenbrauerei.de\/fr\/produkt\/forfait-degustation-de-moutarde\/","url":"https:\/\/www.erwinsmuehlenbrauerei.de\/fr\/produkt\/forfait-degustation-de-moutarde\/","name":"Forfait d\u00e9gustation de moutarde - Erwins M\u00fchlenbrauerei mit Brauhaus Restaurant","isPartOf":{"@id":"https:\/\/www.erwinsmuehlenbrauerei.de\/fr\/#website"},"primaryImageOfPage":{"@id":"https:\/\/www.erwinsmuehlenbrauerei.de\/fr\/produkt\/forfait-degustation-de-moutarde\/#primaryimage"},"image":{"@id":"https:\/\/www.erwinsmuehlenbrauerei.de\/fr\/produkt\/forfait-degustation-de-moutarde\/#primaryimage"},"thumbnailUrl":"https:\/\/www.erwinsmuehlenbrauerei.de\/wp-content\/uploads\/Senf-Probierpaket.png","datePublished":"2023-10-18T10:37:15+00:00","description":"Mais vous avez maintenant du mal \u00e0 choisir une vari\u00e9t\u00e9. Toutes les vari\u00e9t\u00e9s vous donneraient envie de les go\u00fbter ! Consultez d\u00e8s maintenant notre pack d'essai !","breadcrumb":{"@id":"https:\/\/www.erwinsmuehlenbrauerei.de\/fr\/produkt\/forfait-degustation-de-moutarde\/#breadcrumb"},"inLanguage":"fr-FR","potentialAction":[{"@type":"ReadAction","target":["https:\/\/www.erwinsmuehlenbrauerei.de\/fr\/produkt\/forfait-degustation-de-moutarde\/"]}]},{"@type":"ImageObject","inLanguage":"fr-FR","@id":"https:\/\/www.erwinsmuehlenbrauerei.de\/fr\/produkt\/forfait-degustation-de-moutarde\/#primaryimage","url":"https:\/\/www.erwinsmuehlenbrauerei.de\/wp-content\/uploads\/Senf-Probierpaket.png","contentUrl":"https:\/\/www.erwinsmuehlenbrauerei.de\/wp-content\/uploads\/Senf-Probierpaket.png","width":1400,"height":2100},{"@type":"BreadcrumbList","@id":"https:\/\/www.erwinsmuehlenbrauerei.de\/fr\/produkt\/forfait-degustation-de-moutarde\/#breadcrumb","itemListElement":[{"@type":"ListItem","position":1,"name":"Startseite","item":"https:\/\/www.erwinsmuehlenbrauerei.de\/fr\/la-brasserie-du-moulin-derwin\/"},{"@type":"ListItem","position":2,"name":"Boutique","item":"https:\/\/www.erwinsmuehlenbrauerei.de\/fr\/boutique\/"},{"@type":"ListItem","position":3,"name":"Forfait d\u00e9gustation de moutarde"}]},{"@type":"WebSite","@id":"https:\/\/www.erwinsmuehlenbrauerei.de\/fr\/#website","url":"https:\/\/www.erwinsmuehlenbrauerei.de\/fr\/","name":"Erwins M\u00fchlenbrauerei mit Brauhaus Restaurant","description":"","publisher":{"@id":"https:\/\/www.erwinsmuehlenbrauerei.de\/fr\/#organization"},"potentialAction":[{"@type":"SearchAction","target":{"@type":"EntryPoint","urlTemplate":"https:\/\/www.erwinsmuehlenbrauerei.de\/fr\/?s={search_term_string}"},"query-input":{"@type":"PropertyValueSpecification","valueRequired":true,"valueName":"search_term_string"}}],"inLanguage":"fr-FR"},{"@type":"Organization","@id":"https:\/\/www.erwinsmuehlenbrauerei.de\/fr\/#organization","name":"Erwins M\u00fchlenbrauerei mit Brauhaus Restaurant","url":"https:\/\/www.erwinsmuehlenbrauerei.de\/fr\/","logo":{"@type":"ImageObject","inLanguage":"fr-FR","@id":"https:\/\/www.erwinsmuehlenbrauerei.de\/fr\/#\/schema\/logo\/image\/","url":"https:\/\/www.erwinsmuehlenbrauerei.de\/wp-content\/uploads\/2023\/05\/erwinsmuehlenbrauerei-logo-upscaled.png","contentUrl":"https:\/\/www.erwinsmuehlenbrauerei.de\/wp-content\/uploads\/2023\/05\/erwinsmuehlenbrauerei-logo-upscaled.png","width":677,"height":554,"caption":"Erwins M\u00fchlenbrauerei mit Brauhaus Restaurant"},"image":{"@id":"https:\/\/www.erwinsmuehlenbrauerei.de\/fr\/#\/schema\/logo\/image\/"}}]}},"_links":{"self":[{"href":"https:\/\/www.erwinsmuehlenbrauerei.de\/fr\/wp-json\/wp\/v2\/product\/3214","targetHints":{"allow":["GET"]}}],"collection":[{"href":"https:\/\/www.erwinsmuehlenbrauerei.de\/fr\/wp-json\/wp\/v2\/product"}],"about":[{"href":"https:\/\/www.erwinsmuehlenbrauerei.de\/fr\/wp-json\/wp\/v2\/types\/product"}],"wp:featuredmedia":[{"embeddable":true,"href":"https:\/\/www.erwinsmuehlenbrauerei.de\/fr\/wp-json\/wp\/v2\/media\/2656"}],"wp:attachment":[{"href":"https:\/\/www.erwinsmuehlenbrauerei.de\/fr\/wp-json\/wp\/v2\/media?parent=3214"}],"wp:term":[{"taxonomy":"product_brand","embeddable":true,"href":"https:\/\/www.erwinsmuehlenbrauerei.de\/fr\/wp-json\/wp\/v2\/product_brand?post=3214"},{"taxonomy":"product_cat","embeddable":true,"href":"https:\/\/www.erwinsmuehlenbrauerei.de\/fr\/wp-json\/wp\/v2\/product_cat?post=3214"},{"taxonomy":"product_tag","embeddable":true,"href":"https:\/\/www.erwinsmuehlenbrauerei.de\/fr\/wp-json\/wp\/v2\/product_tag?post=3214"}],"curies":[{"name":"wp","href":"https:\/\/api.w.org\/{rel}","templated":true}]}}