{"id":3199,"date":"2023-10-18T12:37:14","date_gmt":"2023-10-18T10:37:14","guid":{"rendered":"https:\/\/www.erwinsmuehlenbrauerei.de\/produkt\/moutarde-a-lail\/"},"modified":"2023-10-18T12:37:14","modified_gmt":"2023-10-18T10:37:14","slug":"moutarde-a-lail","status":"publish","type":"product","link":"https:\/\/www.erwinsmuehlenbrauerei.de\/fr\/produkt\/moutarde-a-lail\/","title":{"rendered":"moutarde \u00e0 l&#8217;ail"},"content":{"rendered":"<h3><strong>La moutarde \u00e0 l&#8217;ail &#8211; notre favorite pour les plaisirs sal\u00e9s<\/strong><\/h3>\n<p>Notre moutarde \u00e0 l&#8217;ail r\u00e9unit deux univers de sensations gustatives. L&#8217;ail moulu est ajout\u00e9 \u00e0 notre moutarde historique. Cette combinaison de saveurs est excellente et rehausse une multitude de plats avec son go\u00fbt aromatique et fortement \u00e9pic\u00e9.<\/p>\n<h3><strong>Comment la moutarde \u00e0 l&#8217;ail est-elle produite ?<\/strong><\/h3>\n<p>Notre moutarde historique sert ici aussi de base \u00e0 cette cr\u00e9ation de moutarde savoureuse. L&#8217;ail finement moulu est ajout\u00e9 \u00e0 la moutarde historique et permet ensuite d&#8217;obtenir une moutarde \u00e0 gros grains particuli\u00e8rement \u00e9pic\u00e9e.<\/p>\n<h3><strong>Avec quoi la moutarde \u00e0 l&#8217;ail se marie-t-elle le mieux ?<\/strong><\/h3>\n<p>Cette moutarde m\u00e9diterran\u00e9enne est d\u00e9licieuse avec les plats m\u00e9diterran\u00e9ens. Il se marie tr\u00e8s bien avec l&#8217;agneau et les sp\u00e9cialit\u00e9s comme le gyros grec ou les cevapcici. Mais il affine \u00e9galement toutes les vinaigrettes et accompagne parfaitement de nombreuses saucisses.<\/p>\n<h3><strong>Un conseil de notre chef cuisinier !<\/strong><\/h3>\n<p>Comme la moutarde est sensible \u00e0 la chaleur, les plats pr\u00e9par\u00e9s avec de la moutarde (par exemple les roulades) ont souvent un go\u00fbt beaucoup plus doux apr\u00e8s avoir \u00e9t\u00e9 chauff\u00e9s.<\/p>\n<h3><strong>Encore un conseil pour le stockage !<\/strong><\/h3>\n<p>Apr\u00e8s ouverture, veillez \u00e0 conserver la moutarde dans un endroit aussi frais et sombre que possible. En effet, il conserve ainsi son go\u00fbt parfait et son piquant d\u00e9licieusement frais pendant une p\u00e9riode prolong\u00e9e !<\/p>\n","protected":false},"excerpt":{"rendered":"<p>\u2022 Raffin\u00e9 avec de l&#8217;ail moulu<\/p>\n<p>\u2022 Go\u00fbt fort et \u00e9pic\u00e9<\/p>\n<p>\u2022 Se marie bien avec l&#8217;agneau<\/p>\n","protected":false},"featured_media":2638,"template":"","meta":{"_acf_changed":false,"neve_meta_sidebar":"","neve_meta_container":"","neve_meta_enable_content_width":"off","neve_meta_content_width":100,"neve_meta_title_alignment":"","neve_meta_author_avatar":"","neve_post_elements_order":"","neve_meta_disable_header":"","neve_meta_disable_footer":"","neve_meta_disable_title":"","neve_meta_reading_time":""},"product_brand":[],"product_cat":[151],"product_tag":[],"class_list":{"0":"post-3199","1":"product","2":"type-product","3":"status-publish","4":"has-post-thumbnail","6":"product_cat-moutarde","7":"product_shipping_class-expedition-assuree","9":"first","10":"instock","11":"taxable","12":"shipping-taxable","13":"purchasable","14":"product-type-variable","15":"has-default-attributes"},"acf":[],"yoast_head":"<!-- This site is optimized with the Yoast SEO plugin v27.5 - https:\/\/yoast.com\/product\/yoast-seo-wordpress\/ -->\n<title>moutarde \u00e0 l&#039;ail - Erwins M\u00fchlenbrauerei mit Brauhaus Restaurant<\/title>\n<meta name=\"description\" content=\"Notre moutarde \u00e0 l&#039;ail r\u00e9unit deux univers gustatifs. L&#039;ail moulu est ajout\u00e9 \u00e0 notre moutarde historique. Passez nous voir !\" \/>\n<meta name=\"robots\" content=\"index, follow, max-snippet:-1, max-image-preview:large, max-video-preview:-1\" \/>\n<link rel=\"canonical\" href=\"https:\/\/www.erwinsmuehlenbrauerei.de\/fr\/produkt\/moutarde-a-lail\/\" \/>\n<meta property=\"og:locale\" content=\"fr_FR\" \/>\n<meta property=\"og:type\" content=\"article\" \/>\n<meta property=\"og:title\" content=\"moutarde \u00e0 l&#039;ail - Erwins M\u00fchlenbrauerei mit Brauhaus Restaurant\" \/>\n<meta property=\"og:description\" content=\"Notre moutarde \u00e0 l&#039;ail r\u00e9unit deux univers gustatifs. L&#039;ail moulu est ajout\u00e9 \u00e0 notre moutarde historique. Passez nous voir !\" \/>\n<meta property=\"og:url\" content=\"https:\/\/www.erwinsmuehlenbrauerei.de\/fr\/produkt\/moutarde-a-lail\/\" \/>\n<meta property=\"og:site_name\" content=\"Erwins M\u00fchlenbrauerei mit Brauhaus Restaurant\" \/>\n<meta property=\"og:image\" content=\"https:\/\/www.erwinsmuehlenbrauerei.de\/wp-content\/uploads\/Knoblauch-Senf-200ml.png\" \/>\n\t<meta property=\"og:image:width\" content=\"1400\" \/>\n\t<meta property=\"og:image:height\" content=\"2101\" \/>\n\t<meta property=\"og:image:type\" content=\"image\/png\" \/>\n<meta name=\"twitter:card\" content=\"summary_large_image\" \/>\n<meta name=\"twitter:label1\" content=\"Dur\u00e9e de lecture estim\u00e9e\" \/>\n\t<meta name=\"twitter:data1\" content=\"1 minute\" \/>\n<script type=\"application\/ld+json\" class=\"yoast-schema-graph\">{\"@context\":\"https:\\\/\\\/schema.org\",\"@graph\":[{\"@type\":\"WebPage\",\"@id\":\"https:\\\/\\\/www.erwinsmuehlenbrauerei.de\\\/fr\\\/produkt\\\/moutarde-a-lail\\\/\",\"url\":\"https:\\\/\\\/www.erwinsmuehlenbrauerei.de\\\/fr\\\/produkt\\\/moutarde-a-lail\\\/\",\"name\":\"moutarde \u00e0 l'ail - Erwins M\u00fchlenbrauerei mit Brauhaus Restaurant\",\"isPartOf\":{\"@id\":\"https:\\\/\\\/www.erwinsmuehlenbrauerei.de\\\/fr\\\/#website\"},\"primaryImageOfPage\":{\"@id\":\"https:\\\/\\\/www.erwinsmuehlenbrauerei.de\\\/fr\\\/produkt\\\/moutarde-a-lail\\\/#primaryimage\"},\"image\":{\"@id\":\"https:\\\/\\\/www.erwinsmuehlenbrauerei.de\\\/fr\\\/produkt\\\/moutarde-a-lail\\\/#primaryimage\"},\"thumbnailUrl\":\"https:\\\/\\\/www.erwinsmuehlenbrauerei.de\\\/wp-content\\\/uploads\\\/Knoblauch-Senf-200ml.png\",\"datePublished\":\"2023-10-18T10:37:14+00:00\",\"description\":\"Notre moutarde \u00e0 l'ail r\u00e9unit deux univers gustatifs. L'ail moulu est ajout\u00e9 \u00e0 notre moutarde historique. Passez nous voir !\",\"breadcrumb\":{\"@id\":\"https:\\\/\\\/www.erwinsmuehlenbrauerei.de\\\/fr\\\/produkt\\\/moutarde-a-lail\\\/#breadcrumb\"},\"inLanguage\":\"fr-FR\",\"potentialAction\":[{\"@type\":\"ReadAction\",\"target\":[\"https:\\\/\\\/www.erwinsmuehlenbrauerei.de\\\/fr\\\/produkt\\\/moutarde-a-lail\\\/\"]}]},{\"@type\":\"ImageObject\",\"inLanguage\":\"fr-FR\",\"@id\":\"https:\\\/\\\/www.erwinsmuehlenbrauerei.de\\\/fr\\\/produkt\\\/moutarde-a-lail\\\/#primaryimage\",\"url\":\"https:\\\/\\\/www.erwinsmuehlenbrauerei.de\\\/wp-content\\\/uploads\\\/Knoblauch-Senf-200ml.png\",\"contentUrl\":\"https:\\\/\\\/www.erwinsmuehlenbrauerei.de\\\/wp-content\\\/uploads\\\/Knoblauch-Senf-200ml.png\",\"width\":1400,\"height\":2101},{\"@type\":\"BreadcrumbList\",\"@id\":\"https:\\\/\\\/www.erwinsmuehlenbrauerei.de\\\/fr\\\/produkt\\\/moutarde-a-lail\\\/#breadcrumb\",\"itemListElement\":[{\"@type\":\"ListItem\",\"position\":1,\"name\":\"Startseite\",\"item\":\"https:\\\/\\\/www.erwinsmuehlenbrauerei.de\\\/fr\\\/\"},{\"@type\":\"ListItem\",\"position\":2,\"name\":\"Boutique\",\"item\":\"https:\\\/\\\/www.erwinsmuehlenbrauerei.de\\\/fr\\\/boutique\\\/\"},{\"@type\":\"ListItem\",\"position\":3,\"name\":\"moutarde \u00e0 l&#8217;ail\"}]},{\"@type\":\"WebSite\",\"@id\":\"https:\\\/\\\/www.erwinsmuehlenbrauerei.de\\\/fr\\\/#website\",\"url\":\"https:\\\/\\\/www.erwinsmuehlenbrauerei.de\\\/fr\\\/\",\"name\":\"Erwins M\u00fchlenbrauerei mit Brauhaus Restaurant\",\"description\":\"\",\"publisher\":{\"@id\":\"https:\\\/\\\/www.erwinsmuehlenbrauerei.de\\\/fr\\\/#organization\"},\"potentialAction\":[{\"@type\":\"SearchAction\",\"target\":{\"@type\":\"EntryPoint\",\"urlTemplate\":\"https:\\\/\\\/www.erwinsmuehlenbrauerei.de\\\/fr\\\/?s={search_term_string}\"},\"query-input\":{\"@type\":\"PropertyValueSpecification\",\"valueRequired\":true,\"valueName\":\"search_term_string\"}}],\"inLanguage\":\"fr-FR\"},{\"@type\":\"Organization\",\"@id\":\"https:\\\/\\\/www.erwinsmuehlenbrauerei.de\\\/fr\\\/#organization\",\"name\":\"Erwins M\u00fchlenbrauerei mit Brauhaus Restaurant\",\"url\":\"https:\\\/\\\/www.erwinsmuehlenbrauerei.de\\\/fr\\\/\",\"logo\":{\"@type\":\"ImageObject\",\"inLanguage\":\"fr-FR\",\"@id\":\"https:\\\/\\\/www.erwinsmuehlenbrauerei.de\\\/fr\\\/#\\\/schema\\\/logo\\\/image\\\/\",\"url\":\"https:\\\/\\\/www.erwinsmuehlenbrauerei.de\\\/wp-content\\\/uploads\\\/2023\\\/05\\\/erwinsmuehlenbrauerei-logo-upscaled.png\",\"contentUrl\":\"https:\\\/\\\/www.erwinsmuehlenbrauerei.de\\\/wp-content\\\/uploads\\\/2023\\\/05\\\/erwinsmuehlenbrauerei-logo-upscaled.png\",\"width\":677,\"height\":554,\"caption\":\"Erwins M\u00fchlenbrauerei mit Brauhaus Restaurant\"},\"image\":{\"@id\":\"https:\\\/\\\/www.erwinsmuehlenbrauerei.de\\\/fr\\\/#\\\/schema\\\/logo\\\/image\\\/\"}}]}<\/script>\n<!-- \/ Yoast SEO plugin. -->","yoast_head_json":{"title":"moutarde \u00e0 l'ail - Erwins M\u00fchlenbrauerei mit Brauhaus Restaurant","description":"Notre moutarde \u00e0 l'ail r\u00e9unit deux univers gustatifs. L'ail moulu est ajout\u00e9 \u00e0 notre moutarde historique. Passez nous voir !","robots":{"index":"index","follow":"follow","max-snippet":"max-snippet:-1","max-image-preview":"max-image-preview:large","max-video-preview":"max-video-preview:-1"},"canonical":"https:\/\/www.erwinsmuehlenbrauerei.de\/fr\/produkt\/moutarde-a-lail\/","og_locale":"fr_FR","og_type":"article","og_title":"moutarde \u00e0 l'ail - Erwins M\u00fchlenbrauerei mit Brauhaus Restaurant","og_description":"Notre moutarde \u00e0 l'ail r\u00e9unit deux univers gustatifs. L'ail moulu est ajout\u00e9 \u00e0 notre moutarde historique. Passez nous voir !","og_url":"https:\/\/www.erwinsmuehlenbrauerei.de\/fr\/produkt\/moutarde-a-lail\/","og_site_name":"Erwins M\u00fchlenbrauerei mit Brauhaus Restaurant","og_image":[{"width":1400,"height":2101,"url":"https:\/\/www.erwinsmuehlenbrauerei.de\/wp-content\/uploads\/Knoblauch-Senf-200ml.png","type":"image\/png"}],"twitter_card":"summary_large_image","twitter_misc":{"Dur\u00e9e de lecture estim\u00e9e":"1 minute"},"schema":{"@context":"https:\/\/schema.org","@graph":[{"@type":"WebPage","@id":"https:\/\/www.erwinsmuehlenbrauerei.de\/fr\/produkt\/moutarde-a-lail\/","url":"https:\/\/www.erwinsmuehlenbrauerei.de\/fr\/produkt\/moutarde-a-lail\/","name":"moutarde \u00e0 l'ail - Erwins M\u00fchlenbrauerei mit Brauhaus Restaurant","isPartOf":{"@id":"https:\/\/www.erwinsmuehlenbrauerei.de\/fr\/#website"},"primaryImageOfPage":{"@id":"https:\/\/www.erwinsmuehlenbrauerei.de\/fr\/produkt\/moutarde-a-lail\/#primaryimage"},"image":{"@id":"https:\/\/www.erwinsmuehlenbrauerei.de\/fr\/produkt\/moutarde-a-lail\/#primaryimage"},"thumbnailUrl":"https:\/\/www.erwinsmuehlenbrauerei.de\/wp-content\/uploads\/Knoblauch-Senf-200ml.png","datePublished":"2023-10-18T10:37:14+00:00","description":"Notre moutarde \u00e0 l'ail r\u00e9unit deux univers gustatifs. L'ail moulu est ajout\u00e9 \u00e0 notre moutarde historique. Passez nous voir !","breadcrumb":{"@id":"https:\/\/www.erwinsmuehlenbrauerei.de\/fr\/produkt\/moutarde-a-lail\/#breadcrumb"},"inLanguage":"fr-FR","potentialAction":[{"@type":"ReadAction","target":["https:\/\/www.erwinsmuehlenbrauerei.de\/fr\/produkt\/moutarde-a-lail\/"]}]},{"@type":"ImageObject","inLanguage":"fr-FR","@id":"https:\/\/www.erwinsmuehlenbrauerei.de\/fr\/produkt\/moutarde-a-lail\/#primaryimage","url":"https:\/\/www.erwinsmuehlenbrauerei.de\/wp-content\/uploads\/Knoblauch-Senf-200ml.png","contentUrl":"https:\/\/www.erwinsmuehlenbrauerei.de\/wp-content\/uploads\/Knoblauch-Senf-200ml.png","width":1400,"height":2101},{"@type":"BreadcrumbList","@id":"https:\/\/www.erwinsmuehlenbrauerei.de\/fr\/produkt\/moutarde-a-lail\/#breadcrumb","itemListElement":[{"@type":"ListItem","position":1,"name":"Startseite","item":"https:\/\/www.erwinsmuehlenbrauerei.de\/fr\/"},{"@type":"ListItem","position":2,"name":"Boutique","item":"https:\/\/www.erwinsmuehlenbrauerei.de\/fr\/boutique\/"},{"@type":"ListItem","position":3,"name":"moutarde \u00e0 l&#8217;ail"}]},{"@type":"WebSite","@id":"https:\/\/www.erwinsmuehlenbrauerei.de\/fr\/#website","url":"https:\/\/www.erwinsmuehlenbrauerei.de\/fr\/","name":"Erwins M\u00fchlenbrauerei mit Brauhaus Restaurant","description":"","publisher":{"@id":"https:\/\/www.erwinsmuehlenbrauerei.de\/fr\/#organization"},"potentialAction":[{"@type":"SearchAction","target":{"@type":"EntryPoint","urlTemplate":"https:\/\/www.erwinsmuehlenbrauerei.de\/fr\/?s={search_term_string}"},"query-input":{"@type":"PropertyValueSpecification","valueRequired":true,"valueName":"search_term_string"}}],"inLanguage":"fr-FR"},{"@type":"Organization","@id":"https:\/\/www.erwinsmuehlenbrauerei.de\/fr\/#organization","name":"Erwins M\u00fchlenbrauerei mit Brauhaus Restaurant","url":"https:\/\/www.erwinsmuehlenbrauerei.de\/fr\/","logo":{"@type":"ImageObject","inLanguage":"fr-FR","@id":"https:\/\/www.erwinsmuehlenbrauerei.de\/fr\/#\/schema\/logo\/image\/","url":"https:\/\/www.erwinsmuehlenbrauerei.de\/wp-content\/uploads\/2023\/05\/erwinsmuehlenbrauerei-logo-upscaled.png","contentUrl":"https:\/\/www.erwinsmuehlenbrauerei.de\/wp-content\/uploads\/2023\/05\/erwinsmuehlenbrauerei-logo-upscaled.png","width":677,"height":554,"caption":"Erwins M\u00fchlenbrauerei mit Brauhaus Restaurant"},"image":{"@id":"https:\/\/www.erwinsmuehlenbrauerei.de\/fr\/#\/schema\/logo\/image\/"}}]}},"_links":{"self":[{"href":"https:\/\/www.erwinsmuehlenbrauerei.de\/fr\/wp-json\/wp\/v2\/product\/3199","targetHints":{"allow":["GET"]}}],"collection":[{"href":"https:\/\/www.erwinsmuehlenbrauerei.de\/fr\/wp-json\/wp\/v2\/product"}],"about":[{"href":"https:\/\/www.erwinsmuehlenbrauerei.de\/fr\/wp-json\/wp\/v2\/types\/product"}],"wp:featuredmedia":[{"embeddable":true,"href":"https:\/\/www.erwinsmuehlenbrauerei.de\/fr\/wp-json\/wp\/v2\/media\/2638"}],"wp:attachment":[{"href":"https:\/\/www.erwinsmuehlenbrauerei.de\/fr\/wp-json\/wp\/v2\/media?parent=3199"}],"wp:term":[{"taxonomy":"product_brand","embeddable":true,"href":"https:\/\/www.erwinsmuehlenbrauerei.de\/fr\/wp-json\/wp\/v2\/product_brand?post=3199"},{"taxonomy":"product_cat","embeddable":true,"href":"https:\/\/www.erwinsmuehlenbrauerei.de\/fr\/wp-json\/wp\/v2\/product_cat?post=3199"},{"taxonomy":"product_tag","embeddable":true,"href":"https:\/\/www.erwinsmuehlenbrauerei.de\/fr\/wp-json\/wp\/v2\/product_tag?post=3199"}],"curies":[{"name":"wp","href":"https:\/\/api.w.org\/{rel}","templated":true}]}}